{"id":2292,"date":"2022-09-09T13:59:36","date_gmt":"2022-09-09T13:59:36","guid":{"rendered":"https:\/\/orfeolibre.org\/inicio\/?page_id=2292"},"modified":"2022-09-09T15:38:24","modified_gmt":"2022-09-09T15:38:24","slug":"curso-orfeo-ng","status":"publish","type":"page","link":"https:\/\/orfeolibre.org\/inicio\/curso-orfeo-ng\/","title":{"rendered":"Curso Orfeo NG"},"content":{"rendered":"<div class=\"swpm-post-not-logged-in-msg\">Debes acceder para ver \u00e9ste contenido. Por favor <a class=\"swpm-login-link\" href=\"http:\/\/orfeolibre.org\/inicio\/membership-login\/\">Acceder<\/a>. \u00bfA\u00fan no eres miembro? <a href=\"http:\/\/orfeolibre.org\/inicio\/membership-join\/\">\u00danete a nosotros<\/a><\/div>","protected":false},"excerpt":{"rendered":"<p>Debes acceder para ver \u00e9ste contenido. Por favor Acceder. \u00bfA\u00fan no eres miembro? \u00danete a nosotros<\/p>\n","protected":false},"author":4,"featured_media":0,"parent":0,"menu_order":0,"comment_status":"closed","ping_status":"closed","template":"page-templates\/page_fullwidth.php","meta":{"footnotes":""},"class_list":["post-2292","page","type-page","status-publish","hentry"],"yoast_head":"<!-- This site is optimized with the Yoast SEO plugin v27.2 - https:\/\/yoast.com\/product\/yoast-seo-wordpress\/ -->\n<title>Curso Orfeo NG - Orfeo SGDEA - Gesti\u00f3n Documental<\/title>\n<meta name=\"description\" content=\"El curso de Orfeo NG es un beneficio exclusivo para suscriptores de Orfeo Libre, en el se encuentran las lecciones de los diferentes m\u00f3dulos.\" \/>\n<meta name=\"robots\" content=\"index, follow, max-snippet:-1, max-image-preview:large, max-video-preview:-1\" \/>\n<link rel=\"canonical\" href=\"https:\/\/orfeolibre.org\/inicio\/curso-orfeo-ng\/\" \/>\n<meta property=\"og:locale\" content=\"es_ES\" \/>\n<meta property=\"og:type\" content=\"article\" \/>\n<meta property=\"og:title\" content=\"Curso Orfeo NG - Orfeo SGDEA - Gesti\u00f3n Documental\" \/>\n<meta property=\"og:description\" content=\"El curso de Orfeo NG es un beneficio exclusivo para suscriptores de Orfeo Libre, en el se encuentran las lecciones de los diferentes m\u00f3dulos.\" \/>\n<meta property=\"og:url\" content=\"https:\/\/orfeolibre.org\/inicio\/curso-orfeo-ng\/\" \/>\n<meta property=\"og:site_name\" content=\"Orfeo SGDEA - Gesti\u00f3n Documental\" \/>\n<meta property=\"article:modified_time\" content=\"2022-09-09T15:38:24+00:00\" \/>\n<meta property=\"og:image\" content=\"https:\/\/orfeolibre.org\/inicio\/wp-content\/uploads\/2022\/09\/orfeong_inicio_de_sesion.png\" \/>\n<meta name=\"twitter:card\" content=\"summary_large_image\" \/>\n<meta name=\"twitter:label1\" content=\"Tiempo de lectura\" \/>\n\t<meta name=\"twitter:data1\" content=\"1 minuto\" \/>\n<script type=\"application\/ld+json\" class=\"yoast-schema-graph\">{\"@context\":\"https:\/\/schema.org\",\"@graph\":[{\"@type\":\"WebPage\",\"@id\":\"https:\/\/orfeolibre.org\/inicio\/curso-orfeo-ng\/\",\"url\":\"https:\/\/orfeolibre.org\/inicio\/curso-orfeo-ng\/\",\"name\":\"Curso Orfeo NG - Orfeo SGDEA - Gesti\u00f3n Documental\",\"isPartOf\":{\"@id\":\"https:\/\/orfeolibre.org\/inicio\/#website\"},\"primaryImageOfPage\":{\"@id\":\"https:\/\/orfeolibre.org\/inicio\/curso-orfeo-ng\/#primaryimage\"},\"image\":{\"@id\":\"https:\/\/orfeolibre.org\/inicio\/curso-orfeo-ng\/#primaryimage\"},\"thumbnailUrl\":\"https:\/\/orfeolibre.org\/inicio\/wp-content\/uploads\/2022\/09\/orfeong_inicio_de_sesion.png\",\"datePublished\":\"2022-09-09T13:59:36+00:00\",\"dateModified\":\"2022-09-09T15:38:24+00:00\",\"description\":\"El curso de Orfeo NG es un beneficio exclusivo para suscriptores de Orfeo Libre, en el se encuentran las lecciones de los diferentes m\u00f3dulos.\",\"breadcrumb\":{\"@id\":\"https:\/\/orfeolibre.org\/inicio\/curso-orfeo-ng\/#breadcrumb\"},\"inLanguage\":\"es\",\"potentialAction\":[{\"@type\":\"ReadAction\",\"target\":[\"https:\/\/orfeolibre.org\/inicio\/curso-orfeo-ng\/\"]}]},{\"@type\":\"ImageObject\",\"inLanguage\":\"es\",\"@id\":\"https:\/\/orfeolibre.org\/inicio\/curso-orfeo-ng\/#primaryimage\",\"url\":\"https:\/\/orfeolibre.org\/inicio\/wp-content\/uploads\/2022\/09\/orfeong_inicio_de_sesion.png\",\"contentUrl\":\"https:\/\/orfeolibre.org\/inicio\/wp-content\/uploads\/2022\/09\/orfeong_inicio_de_sesion.png\",\"width\":540,\"height\":314,\"caption\":\"Curso Orfeo NG\"},{\"@type\":\"BreadcrumbList\",\"@id\":\"https:\/\/orfeolibre.org\/inicio\/curso-orfeo-ng\/#breadcrumb\",\"itemListElement\":[{\"@type\":\"ListItem\",\"position\":1,\"name\":\"Portada\",\"item\":\"https:\/\/orfeolibre.org\/inicio\/\"},{\"@type\":\"ListItem\",\"position\":2,\"name\":\"Curso Orfeo NG\"}]},{\"@type\":\"WebSite\",\"@id\":\"https:\/\/orfeolibre.org\/inicio\/#website\",\"url\":\"https:\/\/orfeolibre.org\/inicio\/\",\"name\":\"Orfeo SGDEA - Gesti\u00f3n Documental\",\"description\":\"Sistema de Gesti\u00f3n Documental de Archivo Electr\u00f3nico\",\"potentialAction\":[{\"@type\":\"SearchAction\",\"target\":{\"@type\":\"EntryPoint\",\"urlTemplate\":\"https:\/\/orfeolibre.org\/inicio\/?s={search_term_string}\"},\"query-input\":{\"@type\":\"PropertyValueSpecification\",\"valueRequired\":true,\"valueName\":\"search_term_string\"}}],\"inLanguage\":\"es\"}]}<\/script>\n<!-- \/ Yoast SEO plugin. -->","yoast_head_json":{"title":"Curso Orfeo NG - Orfeo SGDEA - Gesti\u00f3n Documental","description":"El curso de Orfeo NG es un beneficio exclusivo para suscriptores de Orfeo Libre, en el se encuentran las lecciones de los diferentes m\u00f3dulos.","robots":{"index":"index","follow":"follow","max-snippet":"max-snippet:-1","max-image-preview":"max-image-preview:large","max-video-preview":"max-video-preview:-1"},"canonical":"https:\/\/orfeolibre.org\/inicio\/curso-orfeo-ng\/","og_locale":"es_ES","og_type":"article","og_title":"Curso Orfeo NG - Orfeo SGDEA - Gesti\u00f3n Documental","og_description":"El curso de Orfeo NG es un beneficio exclusivo para suscriptores de Orfeo Libre, en el se encuentran las lecciones de los diferentes m\u00f3dulos.","og_url":"https:\/\/orfeolibre.org\/inicio\/curso-orfeo-ng\/","og_site_name":"Orfeo SGDEA - Gesti\u00f3n Documental","article_modified_time":"2022-09-09T15:38:24+00:00","og_image":[{"url":"https:\/\/orfeolibre.org\/inicio\/wp-content\/uploads\/2022\/09\/orfeong_inicio_de_sesion.png","type":"","width":"","height":""}],"twitter_card":"summary_large_image","twitter_misc":{"Tiempo de lectura":"1 minuto"},"schema":{"@context":"https:\/\/schema.org","@graph":[{"@type":"WebPage","@id":"https:\/\/orfeolibre.org\/inicio\/curso-orfeo-ng\/","url":"https:\/\/orfeolibre.org\/inicio\/curso-orfeo-ng\/","name":"Curso Orfeo NG - Orfeo SGDEA - Gesti\u00f3n Documental","isPartOf":{"@id":"https:\/\/orfeolibre.org\/inicio\/#website"},"primaryImageOfPage":{"@id":"https:\/\/orfeolibre.org\/inicio\/curso-orfeo-ng\/#primaryimage"},"image":{"@id":"https:\/\/orfeolibre.org\/inicio\/curso-orfeo-ng\/#primaryimage"},"thumbnailUrl":"https:\/\/orfeolibre.org\/inicio\/wp-content\/uploads\/2022\/09\/orfeong_inicio_de_sesion.png","datePublished":"2022-09-09T13:59:36+00:00","dateModified":"2022-09-09T15:38:24+00:00","description":"El curso de Orfeo NG es un beneficio exclusivo para suscriptores de Orfeo Libre, en el se encuentran las lecciones de los diferentes m\u00f3dulos.","breadcrumb":{"@id":"https:\/\/orfeolibre.org\/inicio\/curso-orfeo-ng\/#breadcrumb"},"inLanguage":"es","potentialAction":[{"@type":"ReadAction","target":["https:\/\/orfeolibre.org\/inicio\/curso-orfeo-ng\/"]}]},{"@type":"ImageObject","inLanguage":"es","@id":"https:\/\/orfeolibre.org\/inicio\/curso-orfeo-ng\/#primaryimage","url":"https:\/\/orfeolibre.org\/inicio\/wp-content\/uploads\/2022\/09\/orfeong_inicio_de_sesion.png","contentUrl":"https:\/\/orfeolibre.org\/inicio\/wp-content\/uploads\/2022\/09\/orfeong_inicio_de_sesion.png","width":540,"height":314,"caption":"Curso Orfeo NG"},{"@type":"BreadcrumbList","@id":"https:\/\/orfeolibre.org\/inicio\/curso-orfeo-ng\/#breadcrumb","itemListElement":[{"@type":"ListItem","position":1,"name":"Portada","item":"https:\/\/orfeolibre.org\/inicio\/"},{"@type":"ListItem","position":2,"name":"Curso Orfeo NG"}]},{"@type":"WebSite","@id":"https:\/\/orfeolibre.org\/inicio\/#website","url":"https:\/\/orfeolibre.org\/inicio\/","name":"Orfeo SGDEA - Gesti\u00f3n Documental","description":"Sistema de Gesti\u00f3n Documental de Archivo Electr\u00f3nico","potentialAction":[{"@type":"SearchAction","target":{"@type":"EntryPoint","urlTemplate":"https:\/\/orfeolibre.org\/inicio\/?s={search_term_string}"},"query-input":{"@type":"PropertyValueSpecification","valueRequired":true,"valueName":"search_term_string"}}],"inLanguage":"es"}]}},"_links":{"self":[{"href":"https:\/\/orfeolibre.org\/inicio\/wp-json\/wp\/v2\/pages\/2292","targetHints":{"allow":["GET"]}}],"collection":[{"href":"https:\/\/orfeolibre.org\/inicio\/wp-json\/wp\/v2\/pages"}],"about":[{"href":"https:\/\/orfeolibre.org\/inicio\/wp-json\/wp\/v2\/types\/page"}],"author":[{"embeddable":true,"href":"https:\/\/orfeolibre.org\/inicio\/wp-json\/wp\/v2\/users\/4"}],"replies":[{"embeddable":true,"href":"https:\/\/orfeolibre.org\/inicio\/wp-json\/wp\/v2\/comments?post=2292"}],"version-history":[{"count":16,"href":"https:\/\/orfeolibre.org\/inicio\/wp-json\/wp\/v2\/pages\/2292\/revisions"}],"predecessor-version":[{"id":2704,"href":"https:\/\/orfeolibre.org\/inicio\/wp-json\/wp\/v2\/pages\/2292\/revisions\/2704"}],"wp:attachment":[{"href":"https:\/\/orfeolibre.org\/inicio\/wp-json\/wp\/v2\/media?parent=2292"}],"curies":[{"name":"wp","href":"https:\/\/api.w.org\/{rel}","templated":true}]}}