{"id":2459,"date":"2023-01-18T14:44:36","date_gmt":"2023-01-18T14:44:36","guid":{"rendered":"https:\/\/orfeolibre.org\/inicio\/?page_id=2459"},"modified":"2023-06-27T21:09:35","modified_gmt":"2023-06-27T21:09:35","slug":"licencia-de-orfeo-ng","status":"publish","type":"page","link":"https:\/\/orfeolibre.org\/inicio\/licencia-de-orfeo-ng\/","title":{"rendered":"Licencia de Orfeo NG"},"content":{"rendered":"<p style=\"text-align: justify;\"><a href=\"https:\/\/orfeolibre.org\/inicio\/orfeo-ng-software-de-gestion-documental\/\">Orfeo NG<\/a> tiene un modelo de <a href=\"https:\/\/es.wikipedia.org\/wiki\/Licencia_dual\">Licenciamiento Dual<\/a> de acuerdo con quien lo usa<\/p>\n<ul style=\"text-align: justify;\">\n<li>Si su usuario es una persona natural puede obtener Orfeo NG con una licencia <a href=\"https:\/\/orfeolibre.org\/inicio\/licencia-gnu-agpl-licencia-publica-general-de-affero-v3-0\/\">GNU\/AGPL<\/a> y usarlo, modificarlo, distribuirlo, etc, sin restricciones adicionales a la de la licencia.<\/li>\n<li>Si el usuario es una persona jur\u00eddica: empresa p\u00fablica o privada, ONG, instituci\u00f3n educativa, fundaci\u00f3n, etc.\u00a0 debe aplicar y obtener un licenciamiento emitido formalmente a\u00a0<a href=\"https:\/\/\/www.skinatech.com\">Skina Technologies SAS<\/a>. Esta licencia puede ser gratuita, perpetua, o tener costo y periodos de tiempo dependiendo de la entidad que la solicite.<\/li>\n<\/ul>\n<p style=\"text-align: justify;\">Una traducci\u00f3n de esta licencia puede verse en\u00a0<a href=\"https:\/\/orfeolibre.org\/inicio\/licencia-gnu-agpl-licencia-publica-general-de-affero-v3-0\/\">Licencia GNU AGPL \u2013 Licencia Publica General de Affero v3.0<\/a> o su versi\u00f3n original en ingles en <a href=\"https:\/\/www.gnu.org\/licenses\/agpl-3.0.html\" target=\"_blank\" rel=\"noopener\">GNU \/ AGPL<\/a> y las razones explicando su existencia y su diferencia con la tradicional se puede ver en el siguiente v\u00ednculo:\u00a0 <a href=\"https:\/\/www.gnu.org\/licenses\/why-affero-gpl.es.html\" target=\"_blank\" rel=\"noopener\">PORQUE AFFERO GPL<\/a><\/p>\n<p style=\"text-align: justify;\">Las razones para este modelo de licenciamiento puede encontrarlo en <a href=\"https:\/\/orfeolibre.org\/inicio\/documentacion-orfeo\/documentacion-orfeong\/preguntas-frecuentes-orfeong\/porque-orfeo-ng-no-es-completamente-gnu-gpl\/\">Porque Orfeo NG no es completamente GNU\/GPL<\/a>.<\/p>\n","protected":false},"excerpt":{"rendered":"<p>Orfeo NG tiene un modelo de Licenciamiento Dual de acuerdo con quien lo usa Si su usuario es una persona natural puede obtener Orfeo NG con una licencia GNU\/AGPL y usarlo, modificarlo, distribuirlo, etc, sin [&hellip;]<\/p>\n","protected":false},"author":2,"featured_media":0,"parent":0,"menu_order":0,"comment_status":"closed","ping_status":"closed","template":"","meta":{"footnotes":""},"class_list":["post-2459","page","type-page","status-publish","hentry"],"yoast_head":"<!-- This site is optimized with the Yoast SEO plugin v27.2 - https:\/\/yoast.com\/product\/yoast-seo-wordpress\/ -->\n<title>Licencia de Orfeo NG - Orfeo SGDEA - Gesti\u00f3n Documental<\/title>\n<meta name=\"robots\" content=\"index, follow, max-snippet:-1, max-image-preview:large, max-video-preview:-1\" \/>\n<link rel=\"canonical\" href=\"https:\/\/orfeolibre.org\/inicio\/licencia-de-orfeo-ng\/\" \/>\n<meta property=\"og:locale\" content=\"es_ES\" \/>\n<meta property=\"og:type\" content=\"article\" \/>\n<meta property=\"og:title\" content=\"Licencia de Orfeo NG - Orfeo SGDEA - Gesti\u00f3n Documental\" \/>\n<meta property=\"og:description\" content=\"Orfeo NG tiene un modelo de Licenciamiento Dual de acuerdo con quien lo usa Si su usuario es una persona natural puede obtener Orfeo NG con una licencia GNU\/AGPL y usarlo, modificarlo, distribuirlo, etc, sin [&hellip;]\" \/>\n<meta property=\"og:url\" content=\"https:\/\/orfeolibre.org\/inicio\/licencia-de-orfeo-ng\/\" \/>\n<meta property=\"og:site_name\" content=\"Orfeo SGDEA - Gesti\u00f3n Documental\" \/>\n<meta property=\"article:modified_time\" content=\"2023-06-27T21:09:35+00:00\" \/>\n<meta name=\"twitter:card\" content=\"summary_large_image\" \/>\n<meta name=\"twitter:label1\" content=\"Tiempo de lectura\" \/>\n\t<meta name=\"twitter:data1\" content=\"1 minuto\" \/>\n<script type=\"application\/ld+json\" class=\"yoast-schema-graph\">{\"@context\":\"https:\/\/schema.org\",\"@graph\":[{\"@type\":\"WebPage\",\"@id\":\"https:\/\/orfeolibre.org\/inicio\/licencia-de-orfeo-ng\/\",\"url\":\"https:\/\/orfeolibre.org\/inicio\/licencia-de-orfeo-ng\/\",\"name\":\"Licencia de Orfeo NG - Orfeo SGDEA - Gesti\u00f3n Documental\",\"isPartOf\":{\"@id\":\"https:\/\/orfeolibre.org\/inicio\/#website\"},\"datePublished\":\"2023-01-18T14:44:36+00:00\",\"dateModified\":\"2023-06-27T21:09:35+00:00\",\"breadcrumb\":{\"@id\":\"https:\/\/orfeolibre.org\/inicio\/licencia-de-orfeo-ng\/#breadcrumb\"},\"inLanguage\":\"es\",\"potentialAction\":[{\"@type\":\"ReadAction\",\"target\":[\"https:\/\/orfeolibre.org\/inicio\/licencia-de-orfeo-ng\/\"]}]},{\"@type\":\"BreadcrumbList\",\"@id\":\"https:\/\/orfeolibre.org\/inicio\/licencia-de-orfeo-ng\/#breadcrumb\",\"itemListElement\":[{\"@type\":\"ListItem\",\"position\":1,\"name\":\"Portada\",\"item\":\"https:\/\/orfeolibre.org\/inicio\/\"},{\"@type\":\"ListItem\",\"position\":2,\"name\":\"Licencia de Orfeo NG\"}]},{\"@type\":\"WebSite\",\"@id\":\"https:\/\/orfeolibre.org\/inicio\/#website\",\"url\":\"https:\/\/orfeolibre.org\/inicio\/\",\"name\":\"Orfeo SGDEA - Gesti\u00f3n Documental\",\"description\":\"Sistema de Gesti\u00f3n Documental de Archivo Electr\u00f3nico\",\"potentialAction\":[{\"@type\":\"SearchAction\",\"target\":{\"@type\":\"EntryPoint\",\"urlTemplate\":\"https:\/\/orfeolibre.org\/inicio\/?s={search_term_string}\"},\"query-input\":{\"@type\":\"PropertyValueSpecification\",\"valueRequired\":true,\"valueName\":\"search_term_string\"}}],\"inLanguage\":\"es\"}]}<\/script>\n<!-- \/ Yoast SEO plugin. -->","yoast_head_json":{"title":"Licencia de Orfeo NG - Orfeo SGDEA - Gesti\u00f3n Documental","robots":{"index":"index","follow":"follow","max-snippet":"max-snippet:-1","max-image-preview":"max-image-preview:large","max-video-preview":"max-video-preview:-1"},"canonical":"https:\/\/orfeolibre.org\/inicio\/licencia-de-orfeo-ng\/","og_locale":"es_ES","og_type":"article","og_title":"Licencia de Orfeo NG - Orfeo SGDEA - Gesti\u00f3n Documental","og_description":"Orfeo NG tiene un modelo de Licenciamiento Dual de acuerdo con quien lo usa Si su usuario es una persona natural puede obtener Orfeo NG con una licencia GNU\/AGPL y usarlo, modificarlo, distribuirlo, etc, sin [&hellip;]","og_url":"https:\/\/orfeolibre.org\/inicio\/licencia-de-orfeo-ng\/","og_site_name":"Orfeo SGDEA - Gesti\u00f3n Documental","article_modified_time":"2023-06-27T21:09:35+00:00","twitter_card":"summary_large_image","twitter_misc":{"Tiempo de lectura":"1 minuto"},"schema":{"@context":"https:\/\/schema.org","@graph":[{"@type":"WebPage","@id":"https:\/\/orfeolibre.org\/inicio\/licencia-de-orfeo-ng\/","url":"https:\/\/orfeolibre.org\/inicio\/licencia-de-orfeo-ng\/","name":"Licencia de Orfeo NG - Orfeo SGDEA - Gesti\u00f3n Documental","isPartOf":{"@id":"https:\/\/orfeolibre.org\/inicio\/#website"},"datePublished":"2023-01-18T14:44:36+00:00","dateModified":"2023-06-27T21:09:35+00:00","breadcrumb":{"@id":"https:\/\/orfeolibre.org\/inicio\/licencia-de-orfeo-ng\/#breadcrumb"},"inLanguage":"es","potentialAction":[{"@type":"ReadAction","target":["https:\/\/orfeolibre.org\/inicio\/licencia-de-orfeo-ng\/"]}]},{"@type":"BreadcrumbList","@id":"https:\/\/orfeolibre.org\/inicio\/licencia-de-orfeo-ng\/#breadcrumb","itemListElement":[{"@type":"ListItem","position":1,"name":"Portada","item":"https:\/\/orfeolibre.org\/inicio\/"},{"@type":"ListItem","position":2,"name":"Licencia de Orfeo NG"}]},{"@type":"WebSite","@id":"https:\/\/orfeolibre.org\/inicio\/#website","url":"https:\/\/orfeolibre.org\/inicio\/","name":"Orfeo SGDEA - Gesti\u00f3n Documental","description":"Sistema de Gesti\u00f3n Documental de Archivo Electr\u00f3nico","potentialAction":[{"@type":"SearchAction","target":{"@type":"EntryPoint","urlTemplate":"https:\/\/orfeolibre.org\/inicio\/?s={search_term_string}"},"query-input":{"@type":"PropertyValueSpecification","valueRequired":true,"valueName":"search_term_string"}}],"inLanguage":"es"}]}},"_links":{"self":[{"href":"https:\/\/orfeolibre.org\/inicio\/wp-json\/wp\/v2\/pages\/2459","targetHints":{"allow":["GET"]}}],"collection":[{"href":"https:\/\/orfeolibre.org\/inicio\/wp-json\/wp\/v2\/pages"}],"about":[{"href":"https:\/\/orfeolibre.org\/inicio\/wp-json\/wp\/v2\/types\/page"}],"author":[{"embeddable":true,"href":"https:\/\/orfeolibre.org\/inicio\/wp-json\/wp\/v2\/users\/2"}],"replies":[{"embeddable":true,"href":"https:\/\/orfeolibre.org\/inicio\/wp-json\/wp\/v2\/comments?post=2459"}],"version-history":[{"count":16,"href":"https:\/\/orfeolibre.org\/inicio\/wp-json\/wp\/v2\/pages\/2459\/revisions"}],"predecessor-version":[{"id":3106,"href":"https:\/\/orfeolibre.org\/inicio\/wp-json\/wp\/v2\/pages\/2459\/revisions\/3106"}],"wp:attachment":[{"href":"https:\/\/orfeolibre.org\/inicio\/wp-json\/wp\/v2\/media?parent=2459"}],"curies":[{"name":"wp","href":"https:\/\/api.w.org\/{rel}","templated":true}]}}