{"id":263,"date":"2019-11-06T19:38:44","date_gmt":"2019-11-06T19:38:44","guid":{"rendered":"http:\/\/orfeolibre.org\/inicio\/?page_id=263"},"modified":"2025-11-07T15:21:50","modified_gmt":"2025-11-07T15:21:50","slug":"maquinas-virtuales","status":"publish","type":"page","link":"https:\/\/orfeolibre.org\/inicio\/maquinas-virtuales\/","title":{"rendered":"M\u00e1quinas Virtuales"},"content":{"rendered":"<div class=\"swpm-post-not-logged-in-msg\">Debes acceder para ver \u00e9ste contenido. Por favor <a class=\"swpm-login-link\" href=\"http:\/\/orfeolibre.org\/inicio\/membership-login\/\">Acceder<\/a>. \u00bfA\u00fan no eres miembro? <a href=\"http:\/\/orfeolibre.org\/inicio\/membership-join\/\">\u00danete a nosotros<\/a><\/div>","protected":false},"excerpt":{"rendered":"<p>Debes acceder para ver \u00e9ste contenido. Por favor Acceder. \u00bfA\u00fan no eres miembro? \u00danete a nosotros<\/p>\n","protected":false},"author":4,"featured_media":0,"parent":0,"menu_order":0,"comment_status":"closed","ping_status":"closed","template":"","meta":{"footnotes":""},"class_list":["post-263","page","type-page","status-publish","hentry"],"yoast_head":"<!-- This site is optimized with the Yoast SEO plugin v27.2 - https:\/\/yoast.com\/product\/yoast-seo-wordpress\/ -->\n<title>M\u00e1quinas Virtuales - Orfeo SGDEA - Gesti\u00f3n Documental<\/title>\n<meta name=\"robots\" content=\"index, follow, max-snippet:-1, max-image-preview:large, max-video-preview:-1\" \/>\n<link rel=\"canonical\" href=\"https:\/\/orfeolibre.org\/inicio\/maquinas-virtuales\/\" \/>\n<meta property=\"og:locale\" content=\"es_ES\" \/>\n<meta property=\"og:type\" content=\"article\" \/>\n<meta property=\"og:title\" content=\"M\u00e1quinas Virtuales - Orfeo SGDEA - Gesti\u00f3n Documental\" \/>\n<meta property=\"og:description\" content=\"Debes acceder para ver \u00e9ste contenido. Por favor Acceder. \u00bfA\u00fan no eres miembro? \u00danete a nosotros\" \/>\n<meta property=\"og:url\" content=\"https:\/\/orfeolibre.org\/inicio\/maquinas-virtuales\/\" \/>\n<meta property=\"og:site_name\" content=\"Orfeo SGDEA - Gesti\u00f3n Documental\" \/>\n<meta property=\"article:modified_time\" content=\"2025-11-07T15:21:50+00:00\" \/>\n<meta property=\"og:image\" content=\"https:\/\/orfeolibre.org\/inicio\/wp-content\/uploads\/2023\/08\/descarga.jpeg\" \/>\n\t<meta property=\"og:image:width\" content=\"256\" \/>\n\t<meta property=\"og:image:height\" content=\"197\" \/>\n\t<meta property=\"og:image:type\" content=\"image\/jpeg\" \/>\n<meta name=\"twitter:card\" content=\"summary_large_image\" \/>\n<meta name=\"twitter:label1\" content=\"Tiempo de lectura\" \/>\n\t<meta name=\"twitter:data1\" content=\"3 minutos\" \/>\n<script type=\"application\/ld+json\" class=\"yoast-schema-graph\">{\"@context\":\"https:\/\/schema.org\",\"@graph\":[{\"@type\":\"WebPage\",\"@id\":\"https:\/\/orfeolibre.org\/inicio\/maquinas-virtuales\/\",\"url\":\"https:\/\/orfeolibre.org\/inicio\/maquinas-virtuales\/\",\"name\":\"M\u00e1quinas Virtuales - Orfeo SGDEA - Gesti\u00f3n Documental\",\"isPartOf\":{\"@id\":\"https:\/\/orfeolibre.org\/inicio\/#website\"},\"primaryImageOfPage\":{\"@id\":\"https:\/\/orfeolibre.org\/inicio\/maquinas-virtuales\/#primaryimage\"},\"image\":{\"@id\":\"https:\/\/orfeolibre.org\/inicio\/maquinas-virtuales\/#primaryimage\"},\"thumbnailUrl\":\"https:\/\/orfeolibre.org\/inicio\/wp-content\/uploads\/2023\/08\/descarga.jpeg\",\"datePublished\":\"2019-11-06T19:38:44+00:00\",\"dateModified\":\"2025-11-07T15:21:50+00:00\",\"breadcrumb\":{\"@id\":\"https:\/\/orfeolibre.org\/inicio\/maquinas-virtuales\/#breadcrumb\"},\"inLanguage\":\"es\",\"potentialAction\":[{\"@type\":\"ReadAction\",\"target\":[\"https:\/\/orfeolibre.org\/inicio\/maquinas-virtuales\/\"]}]},{\"@type\":\"ImageObject\",\"inLanguage\":\"es\",\"@id\":\"https:\/\/orfeolibre.org\/inicio\/maquinas-virtuales\/#primaryimage\",\"url\":\"https:\/\/orfeolibre.org\/inicio\/wp-content\/uploads\/2023\/08\/descarga.jpeg\",\"contentUrl\":\"https:\/\/orfeolibre.org\/inicio\/wp-content\/uploads\/2023\/08\/descarga.jpeg\",\"width\":256,\"height\":197,\"caption\":\"Orfeo NG para m\u00e1quina WSL (Windows Subsystem for Linux)\"},{\"@type\":\"BreadcrumbList\",\"@id\":\"https:\/\/orfeolibre.org\/inicio\/maquinas-virtuales\/#breadcrumb\",\"itemListElement\":[{\"@type\":\"ListItem\",\"position\":1,\"name\":\"Portada\",\"item\":\"https:\/\/orfeolibre.org\/inicio\/\"},{\"@type\":\"ListItem\",\"position\":2,\"name\":\"M\u00e1quinas Virtuales\"}]},{\"@type\":\"WebSite\",\"@id\":\"https:\/\/orfeolibre.org\/inicio\/#website\",\"url\":\"https:\/\/orfeolibre.org\/inicio\/\",\"name\":\"Orfeo SGDEA - Gesti\u00f3n Documental\",\"description\":\"Sistema de Gesti\u00f3n Documental de Archivo Electr\u00f3nico\",\"potentialAction\":[{\"@type\":\"SearchAction\",\"target\":{\"@type\":\"EntryPoint\",\"urlTemplate\":\"https:\/\/orfeolibre.org\/inicio\/?s={search_term_string}\"},\"query-input\":{\"@type\":\"PropertyValueSpecification\",\"valueRequired\":true,\"valueName\":\"search_term_string\"}}],\"inLanguage\":\"es\"}]}<\/script>\n<!-- \/ Yoast SEO plugin. -->","yoast_head_json":{"title":"M\u00e1quinas Virtuales - Orfeo SGDEA - Gesti\u00f3n Documental","robots":{"index":"index","follow":"follow","max-snippet":"max-snippet:-1","max-image-preview":"max-image-preview:large","max-video-preview":"max-video-preview:-1"},"canonical":"https:\/\/orfeolibre.org\/inicio\/maquinas-virtuales\/","og_locale":"es_ES","og_type":"article","og_title":"M\u00e1quinas Virtuales - Orfeo SGDEA - Gesti\u00f3n Documental","og_description":"Debes acceder para ver \u00e9ste contenido. Por favor Acceder. \u00bfA\u00fan no eres miembro? \u00danete a nosotros","og_url":"https:\/\/orfeolibre.org\/inicio\/maquinas-virtuales\/","og_site_name":"Orfeo SGDEA - Gesti\u00f3n Documental","article_modified_time":"2025-11-07T15:21:50+00:00","og_image":[{"width":256,"height":197,"url":"https:\/\/orfeolibre.org\/inicio\/wp-content\/uploads\/2023\/08\/descarga.jpeg","type":"image\/jpeg"}],"twitter_card":"summary_large_image","twitter_misc":{"Tiempo de lectura":"3 minutos"},"schema":{"@context":"https:\/\/schema.org","@graph":[{"@type":"WebPage","@id":"https:\/\/orfeolibre.org\/inicio\/maquinas-virtuales\/","url":"https:\/\/orfeolibre.org\/inicio\/maquinas-virtuales\/","name":"M\u00e1quinas Virtuales - Orfeo SGDEA - Gesti\u00f3n Documental","isPartOf":{"@id":"https:\/\/orfeolibre.org\/inicio\/#website"},"primaryImageOfPage":{"@id":"https:\/\/orfeolibre.org\/inicio\/maquinas-virtuales\/#primaryimage"},"image":{"@id":"https:\/\/orfeolibre.org\/inicio\/maquinas-virtuales\/#primaryimage"},"thumbnailUrl":"https:\/\/orfeolibre.org\/inicio\/wp-content\/uploads\/2023\/08\/descarga.jpeg","datePublished":"2019-11-06T19:38:44+00:00","dateModified":"2025-11-07T15:21:50+00:00","breadcrumb":{"@id":"https:\/\/orfeolibre.org\/inicio\/maquinas-virtuales\/#breadcrumb"},"inLanguage":"es","potentialAction":[{"@type":"ReadAction","target":["https:\/\/orfeolibre.org\/inicio\/maquinas-virtuales\/"]}]},{"@type":"ImageObject","inLanguage":"es","@id":"https:\/\/orfeolibre.org\/inicio\/maquinas-virtuales\/#primaryimage","url":"https:\/\/orfeolibre.org\/inicio\/wp-content\/uploads\/2023\/08\/descarga.jpeg","contentUrl":"https:\/\/orfeolibre.org\/inicio\/wp-content\/uploads\/2023\/08\/descarga.jpeg","width":256,"height":197,"caption":"Orfeo NG para m\u00e1quina WSL (Windows Subsystem for Linux)"},{"@type":"BreadcrumbList","@id":"https:\/\/orfeolibre.org\/inicio\/maquinas-virtuales\/#breadcrumb","itemListElement":[{"@type":"ListItem","position":1,"name":"Portada","item":"https:\/\/orfeolibre.org\/inicio\/"},{"@type":"ListItem","position":2,"name":"M\u00e1quinas Virtuales"}]},{"@type":"WebSite","@id":"https:\/\/orfeolibre.org\/inicio\/#website","url":"https:\/\/orfeolibre.org\/inicio\/","name":"Orfeo SGDEA - Gesti\u00f3n Documental","description":"Sistema de Gesti\u00f3n Documental de Archivo Electr\u00f3nico","potentialAction":[{"@type":"SearchAction","target":{"@type":"EntryPoint","urlTemplate":"https:\/\/orfeolibre.org\/inicio\/?s={search_term_string}"},"query-input":{"@type":"PropertyValueSpecification","valueRequired":true,"valueName":"search_term_string"}}],"inLanguage":"es"}]}},"_links":{"self":[{"href":"https:\/\/orfeolibre.org\/inicio\/wp-json\/wp\/v2\/pages\/263","targetHints":{"allow":["GET"]}}],"collection":[{"href":"https:\/\/orfeolibre.org\/inicio\/wp-json\/wp\/v2\/pages"}],"about":[{"href":"https:\/\/orfeolibre.org\/inicio\/wp-json\/wp\/v2\/types\/page"}],"author":[{"embeddable":true,"href":"https:\/\/orfeolibre.org\/inicio\/wp-json\/wp\/v2\/users\/4"}],"replies":[{"embeddable":true,"href":"https:\/\/orfeolibre.org\/inicio\/wp-json\/wp\/v2\/comments?post=263"}],"version-history":[{"count":83,"href":"https:\/\/orfeolibre.org\/inicio\/wp-json\/wp\/v2\/pages\/263\/revisions"}],"predecessor-version":[{"id":6645,"href":"https:\/\/orfeolibre.org\/inicio\/wp-json\/wp\/v2\/pages\/263\/revisions\/6645"}],"wp:attachment":[{"href":"https:\/\/orfeolibre.org\/inicio\/wp-json\/wp\/v2\/media?parent=263"}],"curies":[{"name":"wp","href":"https:\/\/api.w.org\/{rel}","templated":true}]}}