{"id":353,"date":"2019-11-07T16:11:55","date_gmt":"2019-11-07T16:11:55","guid":{"rendered":"http:\/\/orfeolibre.org\/inicio\/?page_id=353"},"modified":"2025-04-28T13:06:29","modified_gmt":"2025-04-28T13:06:29","slug":"orfeo-software-de-gestion-documental","status":"publish","type":"page","link":"https:\/\/orfeolibre.org\/inicio\/orfeo-software-de-gestion-documental\/","title":{"rendered":"ORFEO &#8211; SOFTWARE DE GESTI\u00d3N DOCUMENTAL"},"content":{"rendered":"\t\t<div data-elementor-type=\"wp-page\" data-elementor-id=\"353\" class=\"elementor elementor-353\">\n\t\t\t\t\t\t<section class=\"elementor-section elementor-top-section elementor-element elementor-element-671c26d2 elementor-section-boxed elementor-section-height-default elementor-section-height-default\" data-id=\"671c26d2\" data-element_type=\"section\" data-e-type=\"section\">\n\t\t\t\t\t\t<div class=\"elementor-container elementor-column-gap-default\">\n\t\t\t\t\t<div class=\"elementor-column elementor-col-100 elementor-top-column elementor-element elementor-element-7a195df5\" data-id=\"7a195df5\" data-element_type=\"column\" data-e-type=\"column\">\n\t\t\t<div class=\"elementor-widget-wrap elementor-element-populated\">\n\t\t\t\t\t\t<div class=\"elementor-element elementor-element-a601d07 elementor-widget elementor-widget-text-editor\" data-id=\"a601d07\" data-element_type=\"widget\" data-e-type=\"widget\" data-widget_type=\"text-editor.default\">\n\t\t\t\t<div class=\"elementor-widget-container\">\n\t\t\t\t\t\t\t\t\t<p><img fetchpriority=\"high\" decoding=\"async\" class=\"aligncenter wp-image-1694\" src=\"https:\/\/orfeolibre.org\/inicio\/wp-content\/uploads\/2022\/07\/logo_orfeo_6.2_gris_oscuro.png\" alt=\"\" width=\"395\" height=\"144\" srcset=\"https:\/\/orfeolibre.org\/inicio\/wp-content\/uploads\/2022\/07\/logo_orfeo_6.2_gris_oscuro.png 883w, https:\/\/orfeolibre.org\/inicio\/wp-content\/uploads\/2022\/07\/logo_orfeo_6.2_gris_oscuro-300x109.png 300w, https:\/\/orfeolibre.org\/inicio\/wp-content\/uploads\/2022\/07\/logo_orfeo_6.2_gris_oscuro-768x279.png 768w, https:\/\/orfeolibre.org\/inicio\/wp-content\/uploads\/2022\/07\/logo_orfeo_6.2_gris_oscuro-230x84.png 230w, https:\/\/orfeolibre.org\/inicio\/wp-content\/uploads\/2022\/07\/logo_orfeo_6.2_gris_oscuro-350x127.png 350w, https:\/\/orfeolibre.org\/inicio\/wp-content\/uploads\/2022\/07\/logo_orfeo_6.2_gris_oscuro-480x174.png 480w\" sizes=\"(max-width: 395px) 100vw, 395px\" \/><\/p>\n<p style=\"text-align: left;\"><span style=\"color: #ff0000;\">*Este software se encuentra en EOL (<em>End of Life<\/em>) y <strong><a style=\"color: #ff0000;\" href=\"https:\/\/orfeolibre.org\/inicio\/por-que-se-recomienda-migrar-a-orfeo-ng\/\" rel=\"noopener\">se recomienda migrar a NG (leer m\u00e1s &#8230;).<\/a><\/strong><\/span><\/p>\t\t\t\t\t\t\t\t<\/div>\n\t\t\t\t<\/div>\n\t\t\t\t<div class=\"elementor-element elementor-element-153b492b elementor-widget elementor-widget-text-editor\" data-id=\"153b492b\" data-element_type=\"widget\" data-e-type=\"widget\" data-widget_type=\"text-editor.default\">\n\t\t\t\t<div class=\"elementor-widget-container\">\n\t\t\t\t\t\t\t\t\t<p style=\"text-align: justify;\"><strong>Orfeo<\/strong>\u00a0es un sistema de Gesti\u00f3n Documental y de procesos desarrollado inicialmente por la\u00a0<a href=\"http:\/\/www.superservicios.gov.co\/\"><strong>Superintendencia de Servicios P\u00fablicos Domiciliarios<\/strong><\/a> (SSPD) en Colombia, licenciado como software libre bajo licencia\u00a0\u00a0<a href=\"http:\/\/es.wikipedia.org\/wiki\/C%C3%B3digo_libre#Licencias_GPL\">GNU\/GPL<\/a>\u00a0para compartir el conocimiento y mantener la creaci\u00f3n colectiva.<\/p><p style=\"text-align: justify;\"><strong>Orfeo<\/strong>\u00a0Software de Gesti\u00f3n Documental permite incorporar la gesti\u00f3n de los documentos a los procesos de cualquier organizaci\u00f3n, automatizando procedimientos con importantes ahorros en tiempo, costos y recursos tales como toners de impresora, papel, fotocopias, entre otros, as\u00ed como el control sobre los documentos.<\/p><p style=\"text-align: justify;\">Adem\u00e1s de la SSPD, Orfeo est\u00e1 siendo utilizado y\/o implementado en un sinn\u00famero de entidades tanto p\u00fablicas como privadas que re\u00fanen ya m\u00e1s de 15.000 usuarios, su uso est\u00e1 siendo estudiado por parte de entidades y organizaciones en otros paises del mundo, gracias a su filosof\u00eda de Software Libre.\u00a0 <a href=\"https:\/\/orfeolibre.org\/inicio\/detalles-de-orfeo-sistema-de-gestion-documental\/\">Leer m\u00e1s&#8230;..<\/a><\/p><p style=\"text-align: justify;\">\u00a0<\/p>\t\t\t\t\t\t\t\t<\/div>\n\t\t\t\t<\/div>\n\t\t\t\t\t<\/div>\n\t\t<\/div>\n\t\t\t\t\t<\/div>\n\t\t<\/section>\n\t\t\t\t<\/div>\n\t\t","protected":false},"excerpt":{"rendered":"<p>*Este software se encuentra en EOL (End of Life) y se recomienda migrar a NG (leer m\u00e1s &#8230;). Orfeo\u00a0es un sistema de Gesti\u00f3n Documental y de procesos desarrollado inicialmente por la\u00a0Superintendencia de Servicios P\u00fablicos Domiciliarios [&hellip;]<\/p>\n","protected":false},"author":4,"featured_media":0,"parent":0,"menu_order":0,"comment_status":"closed","ping_status":"closed","template":"","meta":{"footnotes":""},"class_list":["post-353","page","type-page","status-publish","hentry"],"yoast_head":"<!-- This site is optimized with the Yoast SEO plugin v27.2 - https:\/\/yoast.com\/product\/yoast-seo-wordpress\/ -->\n<title>ORFEO \u2013 Software de Gesti\u00f3n Documental<\/title>\n<meta name=\"description\" content=\"Orfeo software de gesti\u00f3n documental y de procesos desarrollado inicialmente por la Superintendencia de Servicios P\u00fablicos Domiciliarios\" \/>\n<meta name=\"robots\" content=\"index, follow, max-snippet:-1, max-image-preview:large, max-video-preview:-1\" \/>\n<link rel=\"canonical\" href=\"https:\/\/orfeolibre.org\/inicio\/orfeo-software-de-gestion-documental\/\" \/>\n<meta property=\"og:locale\" content=\"es_ES\" \/>\n<meta property=\"og:type\" content=\"article\" \/>\n<meta property=\"og:title\" content=\"ORFEO \u2013 Software de Gesti\u00f3n Documental\" \/>\n<meta property=\"og:description\" content=\"Orfeo software de gesti\u00f3n documental y de procesos desarrollado inicialmente por la Superintendencia de Servicios P\u00fablicos Domiciliarios\" \/>\n<meta property=\"og:url\" content=\"https:\/\/orfeolibre.org\/inicio\/orfeo-software-de-gestion-documental\/\" \/>\n<meta property=\"og:site_name\" content=\"Orfeo SGDEA - Gesti\u00f3n Documental\" \/>\n<meta property=\"article:modified_time\" content=\"2025-04-28T13:06:29+00:00\" \/>\n<meta property=\"og:image\" content=\"https:\/\/orfeolibre.org\/inicio\/wp-content\/uploads\/2022\/07\/logo_orfeo_6.2_gris_oscuro.png\" \/>\n\t<meta property=\"og:image:width\" content=\"883\" \/>\n\t<meta property=\"og:image:height\" content=\"321\" \/>\n\t<meta property=\"og:image:type\" content=\"image\/png\" \/>\n<meta name=\"twitter:card\" content=\"summary_large_image\" \/>\n<meta name=\"twitter:label1\" content=\"Tiempo de lectura\" \/>\n\t<meta name=\"twitter:data1\" content=\"1 minuto\" \/>\n<script type=\"application\/ld+json\" class=\"yoast-schema-graph\">{\"@context\":\"https:\/\/schema.org\",\"@graph\":[{\"@type\":\"WebPage\",\"@id\":\"https:\/\/orfeolibre.org\/inicio\/orfeo-software-de-gestion-documental\/\",\"url\":\"https:\/\/orfeolibre.org\/inicio\/orfeo-software-de-gestion-documental\/\",\"name\":\"ORFEO \u2013 Software de Gesti\u00f3n Documental\",\"isPartOf\":{\"@id\":\"https:\/\/orfeolibre.org\/inicio\/#website\"},\"primaryImageOfPage\":{\"@id\":\"https:\/\/orfeolibre.org\/inicio\/orfeo-software-de-gestion-documental\/#primaryimage\"},\"image\":{\"@id\":\"https:\/\/orfeolibre.org\/inicio\/orfeo-software-de-gestion-documental\/#primaryimage\"},\"thumbnailUrl\":\"https:\/\/orfeolibre.org\/inicio\/wp-content\/uploads\/2022\/07\/logo_orfeo_6.2_gris_oscuro.png\",\"datePublished\":\"2019-11-07T16:11:55+00:00\",\"dateModified\":\"2025-04-28T13:06:29+00:00\",\"description\":\"Orfeo software de gesti\u00f3n documental y de procesos desarrollado inicialmente por la Superintendencia de Servicios P\u00fablicos Domiciliarios\",\"breadcrumb\":{\"@id\":\"https:\/\/orfeolibre.org\/inicio\/orfeo-software-de-gestion-documental\/#breadcrumb\"},\"inLanguage\":\"es\",\"potentialAction\":[{\"@type\":\"ReadAction\",\"target\":[\"https:\/\/orfeolibre.org\/inicio\/orfeo-software-de-gestion-documental\/\"]}]},{\"@type\":\"ImageObject\",\"inLanguage\":\"es\",\"@id\":\"https:\/\/orfeolibre.org\/inicio\/orfeo-software-de-gestion-documental\/#primaryimage\",\"url\":\"https:\/\/orfeolibre.org\/inicio\/wp-content\/uploads\/2022\/07\/logo_orfeo_6.2_gris_oscuro.png\",\"contentUrl\":\"https:\/\/orfeolibre.org\/inicio\/wp-content\/uploads\/2022\/07\/logo_orfeo_6.2_gris_oscuro.png\",\"width\":883,\"height\":321},{\"@type\":\"BreadcrumbList\",\"@id\":\"https:\/\/orfeolibre.org\/inicio\/orfeo-software-de-gestion-documental\/#breadcrumb\",\"itemListElement\":[{\"@type\":\"ListItem\",\"position\":1,\"name\":\"Portada\",\"item\":\"https:\/\/orfeolibre.org\/inicio\/\"},{\"@type\":\"ListItem\",\"position\":2,\"name\":\"ORFEO &#8211; SOFTWARE DE GESTI\u00d3N DOCUMENTAL\"}]},{\"@type\":\"WebSite\",\"@id\":\"https:\/\/orfeolibre.org\/inicio\/#website\",\"url\":\"https:\/\/orfeolibre.org\/inicio\/\",\"name\":\"Orfeo SGDEA - Gesti\u00f3n Documental\",\"description\":\"Sistema de Gesti\u00f3n Documental de Archivo Electr\u00f3nico\",\"potentialAction\":[{\"@type\":\"SearchAction\",\"target\":{\"@type\":\"EntryPoint\",\"urlTemplate\":\"https:\/\/orfeolibre.org\/inicio\/?s={search_term_string}\"},\"query-input\":{\"@type\":\"PropertyValueSpecification\",\"valueRequired\":true,\"valueName\":\"search_term_string\"}}],\"inLanguage\":\"es\"}]}<\/script>\n<!-- \/ Yoast SEO plugin. -->","yoast_head_json":{"title":"ORFEO \u2013 Software de Gesti\u00f3n Documental","description":"Orfeo software de gesti\u00f3n documental y de procesos desarrollado inicialmente por la Superintendencia de Servicios P\u00fablicos Domiciliarios","robots":{"index":"index","follow":"follow","max-snippet":"max-snippet:-1","max-image-preview":"max-image-preview:large","max-video-preview":"max-video-preview:-1"},"canonical":"https:\/\/orfeolibre.org\/inicio\/orfeo-software-de-gestion-documental\/","og_locale":"es_ES","og_type":"article","og_title":"ORFEO \u2013 Software de Gesti\u00f3n Documental","og_description":"Orfeo software de gesti\u00f3n documental y de procesos desarrollado inicialmente por la Superintendencia de Servicios P\u00fablicos Domiciliarios","og_url":"https:\/\/orfeolibre.org\/inicio\/orfeo-software-de-gestion-documental\/","og_site_name":"Orfeo SGDEA - Gesti\u00f3n Documental","article_modified_time":"2025-04-28T13:06:29+00:00","og_image":[{"width":883,"height":321,"url":"https:\/\/orfeolibre.org\/inicio\/wp-content\/uploads\/2022\/07\/logo_orfeo_6.2_gris_oscuro.png","type":"image\/png"}],"twitter_card":"summary_large_image","twitter_misc":{"Tiempo de lectura":"1 minuto"},"schema":{"@context":"https:\/\/schema.org","@graph":[{"@type":"WebPage","@id":"https:\/\/orfeolibre.org\/inicio\/orfeo-software-de-gestion-documental\/","url":"https:\/\/orfeolibre.org\/inicio\/orfeo-software-de-gestion-documental\/","name":"ORFEO \u2013 Software de Gesti\u00f3n Documental","isPartOf":{"@id":"https:\/\/orfeolibre.org\/inicio\/#website"},"primaryImageOfPage":{"@id":"https:\/\/orfeolibre.org\/inicio\/orfeo-software-de-gestion-documental\/#primaryimage"},"image":{"@id":"https:\/\/orfeolibre.org\/inicio\/orfeo-software-de-gestion-documental\/#primaryimage"},"thumbnailUrl":"https:\/\/orfeolibre.org\/inicio\/wp-content\/uploads\/2022\/07\/logo_orfeo_6.2_gris_oscuro.png","datePublished":"2019-11-07T16:11:55+00:00","dateModified":"2025-04-28T13:06:29+00:00","description":"Orfeo software de gesti\u00f3n documental y de procesos desarrollado inicialmente por la Superintendencia de Servicios P\u00fablicos Domiciliarios","breadcrumb":{"@id":"https:\/\/orfeolibre.org\/inicio\/orfeo-software-de-gestion-documental\/#breadcrumb"},"inLanguage":"es","potentialAction":[{"@type":"ReadAction","target":["https:\/\/orfeolibre.org\/inicio\/orfeo-software-de-gestion-documental\/"]}]},{"@type":"ImageObject","inLanguage":"es","@id":"https:\/\/orfeolibre.org\/inicio\/orfeo-software-de-gestion-documental\/#primaryimage","url":"https:\/\/orfeolibre.org\/inicio\/wp-content\/uploads\/2022\/07\/logo_orfeo_6.2_gris_oscuro.png","contentUrl":"https:\/\/orfeolibre.org\/inicio\/wp-content\/uploads\/2022\/07\/logo_orfeo_6.2_gris_oscuro.png","width":883,"height":321},{"@type":"BreadcrumbList","@id":"https:\/\/orfeolibre.org\/inicio\/orfeo-software-de-gestion-documental\/#breadcrumb","itemListElement":[{"@type":"ListItem","position":1,"name":"Portada","item":"https:\/\/orfeolibre.org\/inicio\/"},{"@type":"ListItem","position":2,"name":"ORFEO &#8211; SOFTWARE DE GESTI\u00d3N DOCUMENTAL"}]},{"@type":"WebSite","@id":"https:\/\/orfeolibre.org\/inicio\/#website","url":"https:\/\/orfeolibre.org\/inicio\/","name":"Orfeo SGDEA - Gesti\u00f3n Documental","description":"Sistema de Gesti\u00f3n Documental de Archivo Electr\u00f3nico","potentialAction":[{"@type":"SearchAction","target":{"@type":"EntryPoint","urlTemplate":"https:\/\/orfeolibre.org\/inicio\/?s={search_term_string}"},"query-input":{"@type":"PropertyValueSpecification","valueRequired":true,"valueName":"search_term_string"}}],"inLanguage":"es"}]}},"_links":{"self":[{"href":"https:\/\/orfeolibre.org\/inicio\/wp-json\/wp\/v2\/pages\/353","targetHints":{"allow":["GET"]}}],"collection":[{"href":"https:\/\/orfeolibre.org\/inicio\/wp-json\/wp\/v2\/pages"}],"about":[{"href":"https:\/\/orfeolibre.org\/inicio\/wp-json\/wp\/v2\/types\/page"}],"author":[{"embeddable":true,"href":"https:\/\/orfeolibre.org\/inicio\/wp-json\/wp\/v2\/users\/4"}],"replies":[{"embeddable":true,"href":"https:\/\/orfeolibre.org\/inicio\/wp-json\/wp\/v2\/comments?post=353"}],"version-history":[{"count":51,"href":"https:\/\/orfeolibre.org\/inicio\/wp-json\/wp\/v2\/pages\/353\/revisions"}],"predecessor-version":[{"id":6597,"href":"https:\/\/orfeolibre.org\/inicio\/wp-json\/wp\/v2\/pages\/353\/revisions\/6597"}],"wp:attachment":[{"href":"https:\/\/orfeolibre.org\/inicio\/wp-json\/wp\/v2\/media?parent=353"}],"curies":[{"name":"wp","href":"https:\/\/api.w.org\/{rel}","templated":true}]}}