{"id":3712,"date":"2024-04-02T16:44:16","date_gmt":"2024-04-02T16:44:16","guid":{"rendered":"https:\/\/orfeolibre.org\/inicio\/?page_id=3712"},"modified":"2025-04-28T13:12:23","modified_gmt":"2025-04-28T13:12:23","slug":"por-que-se-recomienda-migrar-a-orfeo-ng","status":"publish","type":"page","link":"https:\/\/orfeolibre.org\/inicio\/por-que-se-recomienda-migrar-a-orfeo-ng\/","title":{"rendered":"\u00bfPor qu\u00e9 se recomienda migrar a Orfeo NG?"},"content":{"rendered":"\t\t<div data-elementor-type=\"wp-page\" data-elementor-id=\"3712\" class=\"elementor elementor-3712\">\n\t\t\t\t\t\t<section class=\"elementor-section elementor-top-section elementor-element elementor-element-0bd07df elementor-section-boxed elementor-section-height-default elementor-section-height-default\" data-id=\"0bd07df\" data-element_type=\"section\" data-e-type=\"section\">\n\t\t\t\t\t\t<div class=\"elementor-container elementor-column-gap-default\">\n\t\t\t\t\t<div class=\"elementor-column elementor-col-100 elementor-top-column elementor-element elementor-element-39175ed\" data-id=\"39175ed\" data-element_type=\"column\" data-e-type=\"column\">\n\t\t\t<div class=\"elementor-widget-wrap elementor-element-populated\">\n\t\t\t\t\t\t<div class=\"elementor-element elementor-element-ae3b242 elementor-widget elementor-widget-text-editor\" data-id=\"ae3b242\" data-element_type=\"widget\" data-e-type=\"widget\" data-widget_type=\"text-editor.default\">\n\t\t\t\t<div class=\"elementor-widget-container\">\n\t\t\t\t\t\t\t\t\t<p><a href=\"https:\/\/orfeolibre.org\/inicio\/orfeo-ng-software-de-gestion-documental\/\"><img decoding=\"async\" class=\"aligncenter wp-image-3653\" src=\"https:\/\/orfeolibre.org\/inicio\/wp-content\/uploads\/2023\/09\/orfeo_ng_by_skinatech-300x152.png\" alt=\"Orfeo NG by SkinaTech\" width=\"300\" height=\"152\" srcset=\"https:\/\/orfeolibre.org\/inicio\/wp-content\/uploads\/2023\/09\/orfeo_ng_by_skinatech-300x152.png 300w, https:\/\/orfeolibre.org\/inicio\/wp-content\/uploads\/2023\/09\/orfeo_ng_by_skinatech-768x389.png 768w, https:\/\/orfeolibre.org\/inicio\/wp-content\/uploads\/2023\/09\/orfeo_ng_by_skinatech-230x116.png 230w, https:\/\/orfeolibre.org\/inicio\/wp-content\/uploads\/2023\/09\/orfeo_ng_by_skinatech-350x177.png 350w, https:\/\/orfeolibre.org\/inicio\/wp-content\/uploads\/2023\/09\/orfeo_ng_by_skinatech-480x243.png 480w, https:\/\/orfeolibre.org\/inicio\/wp-content\/uploads\/2023\/09\/orfeo_ng_by_skinatech.png 883w\" sizes=\"(max-width: 300px) 100vw, 300px\" \/><\/a><\/p>\n<p align=\"justify\"><span style=\"font-size: medium;\">Orfeo es un programa de gesti\u00f3n documental liberado bajo licencia GPL por la Superintendencia de Servicios P\u00fablicos Colombiana en el a\u00f1o 2002. <\/span><\/p>\n<p align=\"justify\"><span style=\"font-size: medium;\">C<\/span><span style=\"font-size: medium;\">omo todo sistema tecnol\u00f3gico sufre de obsolescencia y despu\u00e9s de 20 a\u00f1os, por m\u00e1s que se han hecho ajustes, ya este programa ha cumplido con su ciclo de vida y est\u00e1 declarado en EOL (End of Life) y por lo tanto no recibe mas actualizaciones, mejoras o parches de seguridad.<\/span><\/p>\n<p align=\"justify\"><span style=\"font-size: medium;\">Adicionalmente no solo Orfeo est\u00e1 en EOL sino todas las versiones de los programas que lo soportan como PHP de 5.3 a 7.4, PosgreSQL de 9 a11, Oracle 10g, CentOS 7, Ubuntu 18, etc.<\/span><\/p>\n<p align=\"justify\"><span style=\"font-size: medium;\">Algunos proveedores est\u00e1n entregando Orfeo con otros nombres, confundiendo a sus clientes e instalando estos programas enmascarados detr\u00e1s de interfaces nuevas pero que en definitiva es el mismo programa obsoleto y con todas la vulnerabilidades reportadas por MinTic en el 2021.<\/span><\/p>\n<p align=\"justify\"><span style=\"font-size: medium;\">OrfeoLibre con el patrocinio de Skina Technologies SAS ha liberado una versi\u00f3n completamente nueva&nbsp;<a href=\"https:\/\/orfeolibre.org\/inicio\/orfeo-ng-software-de-gestion-documental\/\"><b>SGDEA Orfeo NG<\/b><\/a>, escrita de cero bajo licencia Mixta AGPL, con todas las funcionalidades del tradicional, pero sin las debilidades y vulnerabilidades de la antigua versi\u00f3n.<\/span><\/p>\n<p align=\"justify\"><span style=\"font-size: medium;\">Recomendamos instalar y\/o migrar a esta \u00faltima versi\u00f3n desarrollada con tecnolog\u00eda de punta, con funcionalidad <a href=\"https:\/\/orfeolibre.org\/inicio\/wp-content\/uploads\/2025\/03\/cumplimiento_SGDEA_orfeoNG_202503.pdf\">SGDEA (Sistema Gesti\u00f3n Documental Electr\u00f3nica de Archivos)<\/a>&nbsp;completa y sin las debilidades y vulnerabilidades evidentes en la versi\u00f3n obsoleta.<\/span><\/p>\n<p align=\"justify\"><span style=\"font-size: medium;\">Atentamente<\/span><\/p>\n<p><span style=\"font-size: medium;\">Equipo T\u00e9cnico OrfeoLibre<\/span><\/p>\t\t\t\t\t\t\t\t<\/div>\n\t\t\t\t<\/div>\n\t\t\t\t\t<\/div>\n\t\t<\/div>\n\t\t\t\t\t<\/div>\n\t\t<\/section>\n\t\t\t\t<\/div>\n\t\t","protected":false},"excerpt":{"rendered":"<p>Orfeo es un programa de gesti\u00f3n documental liberado bajo licencia GPL por la Superintendencia de Servicios P\u00fablicos Colombiana en el a\u00f1o 2002. Como todo sistema tecnol\u00f3gico sufre de obsolescencia y despu\u00e9s de 20 a\u00f1os, por [&hellip;]<\/p>\n","protected":false},"author":4,"featured_media":0,"parent":0,"menu_order":0,"comment_status":"closed","ping_status":"closed","template":"","meta":{"footnotes":""},"class_list":["post-3712","page","type-page","status-publish","hentry"],"yoast_head":"<!-- This site is optimized with the Yoast SEO plugin v27.4 - https:\/\/yoast.com\/product\/yoast-seo-wordpress\/ -->\n<title>\u00bfPor qu\u00e9 se recomienda migrar a Orfeo NG? - Orfeo SGDEA - Gesti\u00f3n Documental<\/title>\n<meta name=\"description\" content=\"Recomendamos migrar a Orfeo NG porque como todo sistema tecnol\u00f3gico sufre de obsolescencia y despu\u00e9s de 20 a\u00f1os, ha cumplido con su ciclo de vida y est\u00e1 declarado en EOL .\" \/>\n<meta name=\"robots\" content=\"index, follow, max-snippet:-1, max-image-preview:large, max-video-preview:-1\" \/>\n<link rel=\"canonical\" href=\"https:\/\/orfeolibre.org\/inicio\/por-que-se-recomienda-migrar-a-orfeo-ng\/\" \/>\n<meta property=\"og:locale\" content=\"es_ES\" \/>\n<meta property=\"og:type\" content=\"article\" \/>\n<meta property=\"og:title\" content=\"\u00bfPor qu\u00e9 se recomienda migrar a Orfeo NG? - Orfeo SGDEA - Gesti\u00f3n Documental\" \/>\n<meta property=\"og:description\" content=\"Recomendamos migrar a Orfeo NG porque como todo sistema tecnol\u00f3gico sufre de obsolescencia y despu\u00e9s de 20 a\u00f1os, ha cumplido con su ciclo de vida y est\u00e1 declarado en EOL .\" \/>\n<meta property=\"og:url\" content=\"https:\/\/orfeolibre.org\/inicio\/por-que-se-recomienda-migrar-a-orfeo-ng\/\" \/>\n<meta property=\"og:site_name\" content=\"Orfeo SGDEA - Gesti\u00f3n Documental\" \/>\n<meta property=\"article:modified_time\" content=\"2025-04-28T13:12:23+00:00\" \/>\n<meta property=\"og:image\" content=\"https:\/\/orfeolibre.org\/inicio\/wp-content\/uploads\/2023\/09\/orfeo_ng_by_skinatech.png\" \/>\n\t<meta property=\"og:image:width\" content=\"883\" \/>\n\t<meta property=\"og:image:height\" content=\"447\" \/>\n\t<meta property=\"og:image:type\" content=\"image\/png\" \/>\n<meta name=\"twitter:card\" content=\"summary_large_image\" \/>\n<meta name=\"twitter:label1\" content=\"Tiempo de lectura\" \/>\n\t<meta name=\"twitter:data1\" content=\"2 minutos\" \/>\n<script type=\"application\/ld+json\" class=\"yoast-schema-graph\">{\"@context\":\"https:\\\/\\\/schema.org\",\"@graph\":[{\"@type\":\"WebPage\",\"@id\":\"https:\\\/\\\/orfeolibre.org\\\/inicio\\\/por-que-se-recomienda-migrar-a-orfeo-ng\\\/\",\"url\":\"https:\\\/\\\/orfeolibre.org\\\/inicio\\\/por-que-se-recomienda-migrar-a-orfeo-ng\\\/\",\"name\":\"\u00bfPor qu\u00e9 se recomienda migrar a Orfeo NG? - Orfeo SGDEA - Gesti\u00f3n Documental\",\"isPartOf\":{\"@id\":\"https:\\\/\\\/orfeolibre.org\\\/inicio\\\/#website\"},\"primaryImageOfPage\":{\"@id\":\"https:\\\/\\\/orfeolibre.org\\\/inicio\\\/por-que-se-recomienda-migrar-a-orfeo-ng\\\/#primaryimage\"},\"image\":{\"@id\":\"https:\\\/\\\/orfeolibre.org\\\/inicio\\\/por-que-se-recomienda-migrar-a-orfeo-ng\\\/#primaryimage\"},\"thumbnailUrl\":\"https:\\\/\\\/orfeolibre.org\\\/inicio\\\/wp-content\\\/uploads\\\/2023\\\/09\\\/orfeo_ng_by_skinatech-300x152.png\",\"datePublished\":\"2024-04-02T16:44:16+00:00\",\"dateModified\":\"2025-04-28T13:12:23+00:00\",\"description\":\"Recomendamos migrar a Orfeo NG porque como todo sistema tecnol\u00f3gico sufre de obsolescencia y despu\u00e9s de 20 a\u00f1os, ha cumplido con su ciclo de vida y est\u00e1 declarado en EOL .\",\"breadcrumb\":{\"@id\":\"https:\\\/\\\/orfeolibre.org\\\/inicio\\\/por-que-se-recomienda-migrar-a-orfeo-ng\\\/#breadcrumb\"},\"inLanguage\":\"es\",\"potentialAction\":[{\"@type\":\"ReadAction\",\"target\":[\"https:\\\/\\\/orfeolibre.org\\\/inicio\\\/por-que-se-recomienda-migrar-a-orfeo-ng\\\/\"]}]},{\"@type\":\"ImageObject\",\"inLanguage\":\"es\",\"@id\":\"https:\\\/\\\/orfeolibre.org\\\/inicio\\\/por-que-se-recomienda-migrar-a-orfeo-ng\\\/#primaryimage\",\"url\":\"https:\\\/\\\/orfeolibre.org\\\/inicio\\\/wp-content\\\/uploads\\\/2023\\\/09\\\/orfeo_ng_by_skinatech.png\",\"contentUrl\":\"https:\\\/\\\/orfeolibre.org\\\/inicio\\\/wp-content\\\/uploads\\\/2023\\\/09\\\/orfeo_ng_by_skinatech.png\",\"width\":883,\"height\":447,\"caption\":\"Orfeo NG by SkinaTech\"},{\"@type\":\"BreadcrumbList\",\"@id\":\"https:\\\/\\\/orfeolibre.org\\\/inicio\\\/por-que-se-recomienda-migrar-a-orfeo-ng\\\/#breadcrumb\",\"itemListElement\":[{\"@type\":\"ListItem\",\"position\":1,\"name\":\"Portada\",\"item\":\"https:\\\/\\\/orfeolibre.org\\\/inicio\\\/\"},{\"@type\":\"ListItem\",\"position\":2,\"name\":\"\u00bfPor qu\u00e9 se recomienda migrar a Orfeo NG?\"}]},{\"@type\":\"WebSite\",\"@id\":\"https:\\\/\\\/orfeolibre.org\\\/inicio\\\/#website\",\"url\":\"https:\\\/\\\/orfeolibre.org\\\/inicio\\\/\",\"name\":\"Orfeo SGDEA - Gesti\u00f3n Documental\",\"description\":\"Sistema de Gesti\u00f3n Documental de Archivo Electr\u00f3nico\",\"potentialAction\":[{\"@type\":\"SearchAction\",\"target\":{\"@type\":\"EntryPoint\",\"urlTemplate\":\"https:\\\/\\\/orfeolibre.org\\\/inicio\\\/?s={search_term_string}\"},\"query-input\":{\"@type\":\"PropertyValueSpecification\",\"valueRequired\":true,\"valueName\":\"search_term_string\"}}],\"inLanguage\":\"es\"}]}<\/script>\n<!-- \/ Yoast SEO plugin. -->","yoast_head_json":{"title":"\u00bfPor qu\u00e9 se recomienda migrar a Orfeo NG? - Orfeo SGDEA - Gesti\u00f3n Documental","description":"Recomendamos migrar a Orfeo NG porque como todo sistema tecnol\u00f3gico sufre de obsolescencia y despu\u00e9s de 20 a\u00f1os, ha cumplido con su ciclo de vida y est\u00e1 declarado en EOL .","robots":{"index":"index","follow":"follow","max-snippet":"max-snippet:-1","max-image-preview":"max-image-preview:large","max-video-preview":"max-video-preview:-1"},"canonical":"https:\/\/orfeolibre.org\/inicio\/por-que-se-recomienda-migrar-a-orfeo-ng\/","og_locale":"es_ES","og_type":"article","og_title":"\u00bfPor qu\u00e9 se recomienda migrar a Orfeo NG? - Orfeo SGDEA - Gesti\u00f3n Documental","og_description":"Recomendamos migrar a Orfeo NG porque como todo sistema tecnol\u00f3gico sufre de obsolescencia y despu\u00e9s de 20 a\u00f1os, ha cumplido con su ciclo de vida y est\u00e1 declarado en EOL .","og_url":"https:\/\/orfeolibre.org\/inicio\/por-que-se-recomienda-migrar-a-orfeo-ng\/","og_site_name":"Orfeo SGDEA - Gesti\u00f3n Documental","article_modified_time":"2025-04-28T13:12:23+00:00","og_image":[{"width":883,"height":447,"url":"https:\/\/orfeolibre.org\/inicio\/wp-content\/uploads\/2023\/09\/orfeo_ng_by_skinatech.png","type":"image\/png"}],"twitter_card":"summary_large_image","twitter_misc":{"Tiempo de lectura":"2 minutos"},"schema":{"@context":"https:\/\/schema.org","@graph":[{"@type":"WebPage","@id":"https:\/\/orfeolibre.org\/inicio\/por-que-se-recomienda-migrar-a-orfeo-ng\/","url":"https:\/\/orfeolibre.org\/inicio\/por-que-se-recomienda-migrar-a-orfeo-ng\/","name":"\u00bfPor qu\u00e9 se recomienda migrar a Orfeo NG? - Orfeo SGDEA - Gesti\u00f3n Documental","isPartOf":{"@id":"https:\/\/orfeolibre.org\/inicio\/#website"},"primaryImageOfPage":{"@id":"https:\/\/orfeolibre.org\/inicio\/por-que-se-recomienda-migrar-a-orfeo-ng\/#primaryimage"},"image":{"@id":"https:\/\/orfeolibre.org\/inicio\/por-que-se-recomienda-migrar-a-orfeo-ng\/#primaryimage"},"thumbnailUrl":"https:\/\/orfeolibre.org\/inicio\/wp-content\/uploads\/2023\/09\/orfeo_ng_by_skinatech-300x152.png","datePublished":"2024-04-02T16:44:16+00:00","dateModified":"2025-04-28T13:12:23+00:00","description":"Recomendamos migrar a Orfeo NG porque como todo sistema tecnol\u00f3gico sufre de obsolescencia y despu\u00e9s de 20 a\u00f1os, ha cumplido con su ciclo de vida y est\u00e1 declarado en EOL .","breadcrumb":{"@id":"https:\/\/orfeolibre.org\/inicio\/por-que-se-recomienda-migrar-a-orfeo-ng\/#breadcrumb"},"inLanguage":"es","potentialAction":[{"@type":"ReadAction","target":["https:\/\/orfeolibre.org\/inicio\/por-que-se-recomienda-migrar-a-orfeo-ng\/"]}]},{"@type":"ImageObject","inLanguage":"es","@id":"https:\/\/orfeolibre.org\/inicio\/por-que-se-recomienda-migrar-a-orfeo-ng\/#primaryimage","url":"https:\/\/orfeolibre.org\/inicio\/wp-content\/uploads\/2023\/09\/orfeo_ng_by_skinatech.png","contentUrl":"https:\/\/orfeolibre.org\/inicio\/wp-content\/uploads\/2023\/09\/orfeo_ng_by_skinatech.png","width":883,"height":447,"caption":"Orfeo NG by SkinaTech"},{"@type":"BreadcrumbList","@id":"https:\/\/orfeolibre.org\/inicio\/por-que-se-recomienda-migrar-a-orfeo-ng\/#breadcrumb","itemListElement":[{"@type":"ListItem","position":1,"name":"Portada","item":"https:\/\/orfeolibre.org\/inicio\/"},{"@type":"ListItem","position":2,"name":"\u00bfPor qu\u00e9 se recomienda migrar a Orfeo NG?"}]},{"@type":"WebSite","@id":"https:\/\/orfeolibre.org\/inicio\/#website","url":"https:\/\/orfeolibre.org\/inicio\/","name":"Orfeo SGDEA - Gesti\u00f3n Documental","description":"Sistema de Gesti\u00f3n Documental de Archivo Electr\u00f3nico","potentialAction":[{"@type":"SearchAction","target":{"@type":"EntryPoint","urlTemplate":"https:\/\/orfeolibre.org\/inicio\/?s={search_term_string}"},"query-input":{"@type":"PropertyValueSpecification","valueRequired":true,"valueName":"search_term_string"}}],"inLanguage":"es"}]}},"_links":{"self":[{"href":"https:\/\/orfeolibre.org\/inicio\/wp-json\/wp\/v2\/pages\/3712","targetHints":{"allow":["GET"]}}],"collection":[{"href":"https:\/\/orfeolibre.org\/inicio\/wp-json\/wp\/v2\/pages"}],"about":[{"href":"https:\/\/orfeolibre.org\/inicio\/wp-json\/wp\/v2\/types\/page"}],"author":[{"embeddable":true,"href":"https:\/\/orfeolibre.org\/inicio\/wp-json\/wp\/v2\/users\/4"}],"replies":[{"embeddable":true,"href":"https:\/\/orfeolibre.org\/inicio\/wp-json\/wp\/v2\/comments?post=3712"}],"version-history":[{"count":20,"href":"https:\/\/orfeolibre.org\/inicio\/wp-json\/wp\/v2\/pages\/3712\/revisions"}],"predecessor-version":[{"id":6600,"href":"https:\/\/orfeolibre.org\/inicio\/wp-json\/wp\/v2\/pages\/3712\/revisions\/6600"}],"wp:attachment":[{"href":"https:\/\/orfeolibre.org\/inicio\/wp-json\/wp\/v2\/media?parent=3712"}],"curies":[{"name":"wp","href":"https:\/\/api.w.org\/{rel}","templated":true}]}}