{"id":3733,"date":"2024-04-02T18:26:50","date_gmt":"2024-04-02T18:26:50","guid":{"rendered":"https:\/\/orfeolibre.org\/inicio\/?page_id=3733"},"modified":"2025-03-17T22:42:18","modified_gmt":"2025-03-17T22:42:18","slug":"detalles-de-orfeo-ng-sistema-de-gestion-documental","status":"publish","type":"page","link":"https:\/\/orfeolibre.org\/inicio\/detalles-de-orfeo-ng-sistema-de-gestion-documental\/","title":{"rendered":"Detalles de Orfeo NG Sistema de Gesti\u00f3n Documental"},"content":{"rendered":"<p><img fetchpriority=\"high\" decoding=\"async\" class=\"wp-image-1710 size-medium aligncenter\" src=\"https:\/\/orfeolibre.org\/inicio\/wp-content\/uploads\/2022\/07\/orfeong_inicio_de_sesion-300x174.png\" alt=\"Orfeo NG SkinaTech - inicio de sesi\u00f3n\" width=\"300\" height=\"174\" srcset=\"https:\/\/orfeolibre.org\/inicio\/wp-content\/uploads\/2022\/07\/orfeong_inicio_de_sesion-300x174.png 300w, https:\/\/orfeolibre.org\/inicio\/wp-content\/uploads\/2022\/07\/orfeong_inicio_de_sesion-230x134.png 230w, https:\/\/orfeolibre.org\/inicio\/wp-content\/uploads\/2022\/07\/orfeong_inicio_de_sesion-350x204.png 350w, https:\/\/orfeolibre.org\/inicio\/wp-content\/uploads\/2022\/07\/orfeong_inicio_de_sesion-480x279.png 480w, https:\/\/orfeolibre.org\/inicio\/wp-content\/uploads\/2022\/07\/orfeong_inicio_de_sesion.png 540w\" sizes=\"(max-width: 300px) 100vw, 300px\" \/><\/p>\n<div>\n<p><strong>Orfeo NG<\/strong> es un sistema de Gesti\u00f3n Documental que cumple con +98% de la definici\u00f3n de Sistema de Gesti\u00f3n de Documentos Electr\u00f3nicos de archivo SGDEA (Modelo de Requisitos) del archivo General de la Naci\u00f3n Colombiana (AGN)\u00a0 <a href=\"https:\/\/orfeolibre.org\/inicio\/wp-content\/uploads\/2025\/03\/cumplimiento_SGDEA_orfeoNG_202503.pdf\" target=\"_blank\" rel=\"noopener\">(cumplimiento_SGDEA_orfeoNG_202503)<\/a> y con +80% de funcionalidades definidas en diversas regulaciones como el Modelo de Requisitos Europeo versi\u00f3n 1 (MOREQ)<\/p>\n<p>Es una rescritura desde cero del popular Orfeo SGD cumpliendo con las mejores pr\u00e1cticas de desarrollo de software, bajo un stack de tecnolog\u00edas de \u00faltima generaci\u00f3n que lo hacen moderno, seguro y portable, con Interfaz gr\u00e1fica 100% web amigable, intuitiva y responsive pudiendo ser usada desde cualquier dispositivo o navegador web.<\/p>\n<p>\u00c9sta herramienta puede instalarse en cualquier sistema Operativo (GNU\/Linux, Unix, Windows, &#8230;), con diferentes bases de datos (<span class=\"elementor-icon-list-text\">Oracle, MS-SQL, PostgreSQL, MySQL\/ MariaDB<\/span>), adem\u00e1s maneja m\u00faltiples tipos de Formatos (ODT, XML, DOC). logrando as\u00ed obtener independencia de plataforma tecnol\u00f3gica y reducci\u00f3n de costos en la implementaci\u00f3n. Tiene un d<span class=\"elementor-icon-list-text\">esarrollo por capas MVC (Modelo, Vista, Controlador), una interfaz gr\u00e1fica responsive: Javascript, Node.JS 20, Angular 15. Capa l\u00f3gica: (API-REST), PHP 8.2, framework yii2 y m\u00f3dulos robustos de ciframiento<\/span>, y en seguridad: <span class=\"elementor-icon-list-text\">Ciframiento doble de las comunicaciones.<\/span><\/p>\n<\/div>\n<div>\n<p>Orfeo NG cuenta con una serie de m\u00f3dulos que permiten al usuario gestionar y administrar electr\u00f3nicamente un documento en todo su ciclo vital; evitando su manejo f\u00edsico y apoyando la pol\u00edtica cero papel que ayuda en la conservaci\u00f3n del medio ambiente, y la reducci\u00f3n de costos. Los m\u00f3dulos con los que cuenta son:<\/p>\n<table border=\"1\" cellspacing=\"0\" cellpadding=\"10\">\n<colgroup>\n<col width=\"59*\" \/>\n<col width=\"197*\" \/><\/colgroup>\n<thead>\n<tr>\n<td>\n<p lang=\"es-MX\" style=\"text-align: center;\"><strong>Funcionalidad<\/strong><\/p>\n<\/td>\n<td>\n<p lang=\"es-MX\" style=\"text-align: center;\"><strong>Descripci\u00f3n<\/strong><\/p>\n<\/td>\n<\/tr>\n<\/thead>\n<tbody>\n<tr>\n<td>\n<p lang=\"es-MX\" style=\"text-align: left;\"><strong>Radicaci\u00f3n de Entrada<\/strong><\/p>\n<\/td>\n<td valign=\"TOP\">\n<p lang=\"es-MX\" style=\"text-align: left;\">Por medio de este m\u00f3dulo, se reciben todos los documentos de la entidad, estos son procesados y enviados a su destino inicial (jefatura de cada dependencia). En este proceso se digita la informaci\u00f3n b\u00e1sica del documento, al cu\u00e1l se le asignar\u00e1 un archivo digital (imagen escaneada).<\/p>\n<\/td>\n<\/tr>\n<tr>\n<td>\n<p lang=\"es-MX\" style=\"text-align: left;\"><strong>M\u00f3dulo de Digitalizaci\u00f3n<\/strong><\/p>\n<\/td>\n<td valign=\"TOP\">\n<p lang=\"es-MX\" style=\"text-align: left;\">Es una aplicaci\u00f3n cliente servidor que digitaliza los documentos recibidos y los asocia al registro creado desde el m\u00f3dulo de radicaci\u00f3n de entrada.<\/p>\n<\/td>\n<\/tr>\n<tr>\n<td>\n<p lang=\"es-MX\" style=\"text-align: left;\"><strong>Interfaz de Usuario Final<\/strong><\/p>\n<\/td>\n<td valign=\"TOP\">\n<p lang=\"es-MX\" style=\"text-align: left;\">El cliente es una herramienta de uso intuitivo similar a un Web-Mail. La herramienta le permite al usuario administrar diferentes carpetas predefinidas o personalizadas, donde se almacenan sus documentos de trabajo. El cliente permite ordenar o filtrar documentos, facilitando la ubicaci\u00f3n r\u00e1pida de estos. As\u00ed mismo es posible desde el cliente definir y conformar expedientes que le permitan a la entidad vincular documentos que est\u00e1n relacionados entre s\u00ed. Desde el cliente, el usuario podr\u00e1 acceder a la imagen digitalizada de un documento o ingresar en un m\u00f3dulo de vista general con el fin de conocer m\u00e1s informaci\u00f3n del mismo.<\/p>\n<\/td>\n<\/tr>\n<tr>\n<td>\n<p lang=\"es-MX\" style=\"text-align: left;\"><strong>Gesti\u00f3n del Documento<\/strong><\/p>\n<\/td>\n<td valign=\"TOP\">\n<p lang=\"es-MX\" style=\"text-align: left;\">A trav\u00e9s de este m\u00f3dulo, se puede conocer en detalle informaci\u00f3n del documento, el flujo de trabajo que ha tenido desde su ingreso al sistema, se pueden modificar algunos datos iniciales del registro, tipificarlo, clasificarlo y asociarlo a las Tablas de Retenci\u00f3n Documental relacionadas con las funciones y procesos de la entidad. As\u00ed mismo\u00a0se puede asociar un documento a un expediente, anexarle nuevos documentos o solicitar el f\u00edsico que reposa en archivo. Adem\u00e1s, es posible programar alarmas para el flujo documental que se reflejan visualmente en una carpeta denominada agendados.<\/p>\n<\/td>\n<\/tr>\n<tr>\n<td>\n<p lang=\"es-MX\" style=\"text-align: left;\"><strong>Radicaci\u00f3n de Salida<\/strong><\/p>\n<\/td>\n<td valign=\"TOP\">\n<p lang=\"es-MX\" style=\"text-align: left;\">La radicaci\u00f3n de salida es un m\u00f3dulo que puede ser utilizado para dar respuesta a un documento de entrada o para generar una comunicaci\u00f3n nueva. Estos documentos de salida pueden ser notificaciones, pliegos de cargos, y otros producidos por la entidad.<\/p>\n<p lang=\"es-MX\" style=\"text-align: left;\">Otra funcionalidad de este m\u00f3dulo es la de generaci\u00f3n de documentos de salida en forma masiva, utilizando documentos elaborados con formatos .odt o .doc y un archivo asociado .csv, generando los respectivos radicados desde cualquier dependencia y haciendo uso de la radicaci\u00f3n unificada de la entidad.<\/p>\n<p lang=\"es-MX\" style=\"text-align: left;\">Adicional a la radicaci\u00f3n de salida, el sistema puede ser parametrizado para realizar cualquier tipo de radicaci\u00f3n que permita identificar un grupo general de documentos como los memorandos, resoluciones, circulares, etc., los cuales deban ser numerados para el respectivo control en la entidad.<\/p>\n<\/td>\n<\/tr>\n<tr>\n<td>\n<p lang=\"es-MX\" style=\"text-align: left;\"><strong>Radicaciones de Documentos Adicionales<\/strong><\/p>\n<\/td>\n<td valign=\"TOP\">\n<p lang=\"es-MX\" style=\"text-align: left;\">Orfeo permite que cada entidad parametrice los tipos documentales que desea que el sistema maneje, controlando las secuencias como la entidad lo estime conveniente. Ej. Resoluciones, Circulares, Memorandos, etc.<\/p>\n<\/td>\n<\/tr>\n<tr>\n<td>\n<p lang=\"es-MX\" style=\"text-align: left;\"><strong>Traslado de Documentos<\/strong><\/p>\n<\/td>\n<td valign=\"TOP\">\n<p lang=\"es-MX\" style=\"text-align: left;\">Los documentos se pueden trasladar de un usuario a otro con niveles de control definidos por las \u00e1reas que se establezcan. Entre estos traslados, se incluye el env\u00edo de correspondencia que tiene origen cuando son radicados documentos para salida, estos pasan a una carpeta predefinida llamada impresi\u00f3n, a la cual una o varias personas que tienen este permiso lo imprimen y lo env\u00edan al \u00e1rea de correspondencia para su tr\u00e1mite respectivo. Una vez recibido el documento en el \u00e1rea de correspondencia, es procesado para su posterior env\u00edo, teniendo en cuenta las especificaciones de trabajo manejadas por la empresa de correo, generando planillas y gu\u00edas para las modalidades de correo normal o certificado.<\/p>\n<p lang=\"es-MX\" style=\"text-align: left;\">Adem\u00e1s este m\u00f3dulo cuenta con una secci\u00f3n de devoluci\u00f3n de correo, para retomar documentos que no pudieron ser entregados por alguna raz\u00f3n. Los usuarios encargados de este proceso en cada dependencia, deciden si los documentos son archivados o reenviados. Cada usuario puede conocer los detalles de env\u00edo del documento desde su bandeja de entrada.<\/p>\n<\/td>\n<\/tr>\n<tr>\n<td>\n<p lang=\"es-MX\" style=\"text-align: left;\"><strong>Archivo y Pr\u00e9stamo de Documentos<\/strong><\/p>\n<\/td>\n<td valign=\"TOP\">\n<p lang=\"es-MX\" style=\"text-align: left;\">Este m\u00f3dulo permite procesar las solicitudes de documentos f\u00edsicos, para entregarlos a los funcionarios solicitantes, controlando de \u00e9sta forma d\u00f3nde est\u00e1 cada documento y el tiempo que dura en poder de los funcionarios, a trav\u00e9s de diferentes reportes.<\/p>\n<p lang=\"es-MX\" style=\"text-align: left;\">Brinda tambi\u00e9n la posibilidad de clasificar los documentos f\u00edsicos dependiendo de los datos ingresados por el usuario desde la secci\u00f3n de expedientes en el m\u00f3dulo general, el cual incluye entre otros datos ubicaci\u00f3n f\u00edsica del documento y la conformaci\u00f3n del expediente f\u00edsico.<\/p>\n<\/td>\n<\/tr>\n<tr>\n<td>\n<p lang=\"es-MX\" style=\"text-align: left;\"><strong>Consultas<\/strong><\/p>\n<\/td>\n<td valign=\"TOP\">\n<p lang=\"es-MX\" style=\"text-align: left;\">Permite a los usuarios consultar cualquier documento, a trav\u00e9s de diferentes mecanismos de filtrado, dependiendo del nivel de acceso que tenga el usuario que efect\u00faa la consulta.<\/p>\n<\/td>\n<\/tr>\n<tr>\n<td>\n<p lang=\"es-MX\" style=\"text-align: left;\"><strong>Estad\u00edsticas y Reportes<\/strong><\/p>\n<\/td>\n<td valign=\"TOP\">\n<p lang=\"es-MX\" style=\"text-align: left;\">Se pueden obtener reportes para establecer el nivel de rendimiento en los diferentes procesos como N\u00famero de documentos radicados, digitalizados, tr\u00e1mite en dependencia, radicados actuales sin tramitar, etc. los cuales permiten detectar posibles retrasos durante su tr\u00e1mite y as\u00ed establecer unos niveles de control y posibles contingencias de ser necesario.<\/p>\n<\/td>\n<\/tr>\n<tr>\n<td>\n<p lang=\"es-MX\" style=\"text-align: left;\"><strong>Expedientes Virtuales<\/strong><\/p>\n<\/td>\n<td style=\"text-align: left;\" valign=\"TOP\">El m\u00f3dulo de Expedientes virtuales que permite a los usuarios observar en l\u00ednea las im\u00e1genes de los documentos que reposan en el archivo f\u00edsico cumpliendo con el principio de orden y procedencia, es decir que se conservan en el orden en que suceden los hechos. Con esta funcionalidad se logra que la unidad documental o expediente virtual se conserve en el mismo orden del expediente f\u00edsico, se logra la aplicaci\u00f3n din\u00e1mica de las Tablas de Retenci\u00f3n Documental, haciendo part\u00edcipe a los productores de documentos dentro del proceso documental. Este desarrollo ha facilitado el seguimiento a las diferentes series documentales (por ejemplo las series de contratos, investigaciones, Silencios Administrativos, entre otras).<\/td>\n<\/tr>\n<tr>\n<td>\n<p lang=\"es-MX\" style=\"text-align: left;\"><strong>Flujos de Trabajo y Procesos(Work Flow)<\/strong><\/p>\n<\/td>\n<td valign=\"TOP\">\n<p lang=\"es-CO\" style=\"text-align: left;\">El m\u00f3dulo de Flujos de Trabajo (WorkFlow), permite realizar seguimiento, generar estad\u00edsticas y alertas sobre cada uno de los procesos que se manejan en la entidad. Estamos empezando a desarrollar herramientas que integran los documentos y expedientes virtuales a Procesos. De esta manera lograr convertir a Orfeo en una herramienta de Gesti\u00f3n por Procesos (BPM).<\/p>\n<\/td>\n<\/tr>\n<tr>\n<td>\n<p lang=\"es-MX\" style=\"text-align: left;\"><strong>InterOperabilidad con otros Aplicativos (WebServices)<\/strong><\/p>\n<\/td>\n<td valign=\"TOP\">\n<p lang=\"es-CO\" style=\"text-align: left;\">M\u00f3dulo que garantiza interoperabilidad del Orfeo con otras Herramientas. De esta manera se lleva a Orfeo a un sistema Orientado a los Servicios. Las aplicaciones externas podr\u00e1n enviar datos o variables que requiera orfeo para generar Radicados, Expedientes, Adjuntar Archivos, etc.. En las versiones a partir de 2008 , se encontrar\u00e1 disponible la implementaci\u00f3n de Webservices y formularios de variables din\u00e1micos que permitir\u00e1n que Orfeo almacene y comparta informaci\u00f3n de variables que requieran los procesos que se generan en la aplicaci\u00f3n.<\/p>\n<\/td>\n<\/tr>\n<tr>\n<td>\n<p lang=\"es-MX\" style=\"text-align: left;\"><strong>M\u00f3dulo de Manejo de Plantillas en ODT y XML<\/strong><\/p>\n<\/td>\n<td valign=\"TOP\">\n<p lang=\"es-CO\" style=\"text-align: left;\">Este m\u00f3dulo permite aprovechar la ventaja de documento est\u00e1ndar de formato abierto (Conforme a los est\u00e1ndares ISO), haciendo posible editar el documento en m\u00faltiples herramientas ofim\u00e1ticas como OpenOffice, Koffice, AviWord, Office, etc. Liberando al ciudadano de la adquisici\u00f3n de Software para ver y editar los documentos producidos.<\/p>\n<\/td>\n<\/tr>\n<tr>\n<td style=\"text-align: left;\"><strong>Tablas de Retenci\u00f3n Documental<\/strong><\/td>\n<td valign=\"TOP\">\n<p lang=\"es-CO\" style=\"text-align: left;\">Esta herramienta permite realizar el cargue, ajuste y administraci\u00f3n de las Tablas de Retenci\u00f3n Documental, previamente aprobadas por el AGN para cada Entidad, realizando una aplicaci\u00f3n din\u00e1mica con el administrador y los usuarios del sistema, con enfoque de procesos.<\/p>\n<\/td>\n<\/tr>\n<tr>\n<td style=\"text-align: left;\"><strong>Consultas Web en L\u00ednea<\/strong><\/td>\n<td valign=\"TOP\">\n<p lang=\"es-CO\" style=\"text-align: left;\">De un lado permite colocar en la p\u00e1gina de la entidad formularios para recibir solicitudes o documentaci\u00f3n de los usuarios a trav\u00e9s de la red de Internet, gener\u00e1ndoles un documento (por ejemplo un pdf), con n\u00famero de la solicitud para que el usuario pueda consultar el estado del tr\u00e1mite v\u00eda web.<\/p>\n<p lang=\"es-CO\" style=\"text-align: left;\">De otra parte, es posible consultar Expedientes en l\u00ednea para facilitar a terceros, previamente autorizados, la consulta en l\u00ednea de expedientes completos sin tener que dirigirse a la Entidad.<\/p>\n<\/td>\n<\/tr>\n<tr>\n<td><\/td>\n<td valign=\"TOP\"><\/td>\n<\/tr>\n<\/tbody>\n<\/table>\n<\/div>\n<div class=\"jsn-article-toolbar\">\n<div class=\"article-info muted\">\n<dl class=\"article-info\">\n<dd>Si quieres recibir m\u00e1s informaci\u00f3n del sistema puede ingresar a nuestra p\u00e1gina oficial en <a href=\"https:\/\/www.skinatech.com\/inicio\/orfeo-ng\/\">SkinaTech<\/a> o escribirnos a <a href=\"mailto:socialmedia@skinatech.com\" target=\"_blank\" rel=\"noopener\">socialmedia@skinatech.com.<\/a><\/dd>\n<\/dl>\n<\/div>\n<\/div>\n","protected":false},"excerpt":{"rendered":"<p>Orfeo NG es un sistema de Gesti\u00f3n Documental que cumple con +98% de la definici\u00f3n de Sistema de Gesti\u00f3n de Documentos Electr\u00f3nicos de archivo SGDEA (Modelo de Requisitos) del archivo General de la Naci\u00f3n Colombiana [&hellip;]<\/p>\n","protected":false},"author":4,"featured_media":0,"parent":0,"menu_order":0,"comment_status":"closed","ping_status":"closed","template":"","meta":{"footnotes":""},"class_list":["post-3733","page","type-page","status-publish","hentry"],"yoast_head":"<!-- This site is optimized with the Yoast SEO plugin v27.2 - https:\/\/yoast.com\/product\/yoast-seo-wordpress\/ -->\n<title>Detalles de Orfeo NG Sistema de Gesti\u00f3n Documental - Orfeo SGDEA - Gesti\u00f3n Documental<\/title>\n<meta name=\"description\" content=\"Orfeo NG es un sistema de Gesti\u00f3n Documental que cumple con +80% de funcionalidades definidas en diversas regulaciones como el Modelo de Requisitos\" \/>\n<meta name=\"robots\" content=\"index, follow, max-snippet:-1, max-image-preview:large, max-video-preview:-1\" \/>\n<link rel=\"canonical\" href=\"https:\/\/orfeolibre.org\/inicio\/detalles-de-orfeo-ng-sistema-de-gestion-documental\/\" \/>\n<meta property=\"og:locale\" content=\"es_ES\" \/>\n<meta property=\"og:type\" content=\"article\" \/>\n<meta property=\"og:title\" content=\"Detalles de Orfeo NG Sistema de Gesti\u00f3n Documental - Orfeo SGDEA - Gesti\u00f3n Documental\" \/>\n<meta property=\"og:description\" content=\"Orfeo NG es un sistema de Gesti\u00f3n Documental que cumple con +80% de funcionalidades definidas en diversas regulaciones como el Modelo de Requisitos\" \/>\n<meta property=\"og:url\" content=\"https:\/\/orfeolibre.org\/inicio\/detalles-de-orfeo-ng-sistema-de-gestion-documental\/\" \/>\n<meta property=\"og:site_name\" content=\"Orfeo SGDEA - Gesti\u00f3n Documental\" \/>\n<meta property=\"article:modified_time\" content=\"2025-03-17T22:42:18+00:00\" \/>\n<meta property=\"og:image\" content=\"https:\/\/orfeolibre.org\/inicio\/wp-content\/uploads\/2022\/07\/orfeong_inicio_de_sesion.png\" \/>\n\t<meta property=\"og:image:width\" content=\"540\" \/>\n\t<meta property=\"og:image:height\" content=\"314\" \/>\n\t<meta property=\"og:image:type\" content=\"image\/png\" \/>\n<meta name=\"twitter:card\" content=\"summary_large_image\" \/>\n<meta name=\"twitter:label1\" content=\"Tiempo de lectura\" \/>\n\t<meta name=\"twitter:data1\" content=\"7 minutos\" \/>\n<script type=\"application\/ld+json\" class=\"yoast-schema-graph\">{\"@context\":\"https:\/\/schema.org\",\"@graph\":[{\"@type\":\"WebPage\",\"@id\":\"https:\/\/orfeolibre.org\/inicio\/detalles-de-orfeo-ng-sistema-de-gestion-documental\/\",\"url\":\"https:\/\/orfeolibre.org\/inicio\/detalles-de-orfeo-ng-sistema-de-gestion-documental\/\",\"name\":\"Detalles de Orfeo NG Sistema de Gesti\u00f3n Documental - Orfeo SGDEA - Gesti\u00f3n Documental\",\"isPartOf\":{\"@id\":\"https:\/\/orfeolibre.org\/inicio\/#website\"},\"primaryImageOfPage\":{\"@id\":\"https:\/\/orfeolibre.org\/inicio\/detalles-de-orfeo-ng-sistema-de-gestion-documental\/#primaryimage\"},\"image\":{\"@id\":\"https:\/\/orfeolibre.org\/inicio\/detalles-de-orfeo-ng-sistema-de-gestion-documental\/#primaryimage\"},\"thumbnailUrl\":\"https:\/\/orfeolibre.org\/inicio\/wp-content\/uploads\/2022\/07\/orfeong_inicio_de_sesion-300x174.png\",\"datePublished\":\"2024-04-02T18:26:50+00:00\",\"dateModified\":\"2025-03-17T22:42:18+00:00\",\"description\":\"Orfeo NG es un sistema de Gesti\u00f3n Documental que cumple con +80% de funcionalidades definidas en diversas regulaciones como el Modelo de Requisitos\",\"breadcrumb\":{\"@id\":\"https:\/\/orfeolibre.org\/inicio\/detalles-de-orfeo-ng-sistema-de-gestion-documental\/#breadcrumb\"},\"inLanguage\":\"es\",\"potentialAction\":[{\"@type\":\"ReadAction\",\"target\":[\"https:\/\/orfeolibre.org\/inicio\/detalles-de-orfeo-ng-sistema-de-gestion-documental\/\"]}]},{\"@type\":\"ImageObject\",\"inLanguage\":\"es\",\"@id\":\"https:\/\/orfeolibre.org\/inicio\/detalles-de-orfeo-ng-sistema-de-gestion-documental\/#primaryimage\",\"url\":\"https:\/\/orfeolibre.org\/inicio\/wp-content\/uploads\/2022\/07\/orfeong_inicio_de_sesion.png\",\"contentUrl\":\"https:\/\/orfeolibre.org\/inicio\/wp-content\/uploads\/2022\/07\/orfeong_inicio_de_sesion.png\",\"width\":540,\"height\":314,\"caption\":\"Orfeo NG SkinaTech - inicio de sesi\u00f3n\"},{\"@type\":\"BreadcrumbList\",\"@id\":\"https:\/\/orfeolibre.org\/inicio\/detalles-de-orfeo-ng-sistema-de-gestion-documental\/#breadcrumb\",\"itemListElement\":[{\"@type\":\"ListItem\",\"position\":1,\"name\":\"Portada\",\"item\":\"https:\/\/orfeolibre.org\/inicio\/\"},{\"@type\":\"ListItem\",\"position\":2,\"name\":\"Detalles de Orfeo NG Sistema de Gesti\u00f3n Documental\"}]},{\"@type\":\"WebSite\",\"@id\":\"https:\/\/orfeolibre.org\/inicio\/#website\",\"url\":\"https:\/\/orfeolibre.org\/inicio\/\",\"name\":\"Orfeo SGDEA - Gesti\u00f3n Documental\",\"description\":\"Sistema de Gesti\u00f3n Documental de Archivo Electr\u00f3nico\",\"potentialAction\":[{\"@type\":\"SearchAction\",\"target\":{\"@type\":\"EntryPoint\",\"urlTemplate\":\"https:\/\/orfeolibre.org\/inicio\/?s={search_term_string}\"},\"query-input\":{\"@type\":\"PropertyValueSpecification\",\"valueRequired\":true,\"valueName\":\"search_term_string\"}}],\"inLanguage\":\"es\"}]}<\/script>\n<!-- \/ Yoast SEO plugin. -->","yoast_head_json":{"title":"Detalles de Orfeo NG Sistema de Gesti\u00f3n Documental - Orfeo SGDEA - Gesti\u00f3n Documental","description":"Orfeo NG es un sistema de Gesti\u00f3n Documental que cumple con +80% de funcionalidades definidas en diversas regulaciones como el Modelo de Requisitos","robots":{"index":"index","follow":"follow","max-snippet":"max-snippet:-1","max-image-preview":"max-image-preview:large","max-video-preview":"max-video-preview:-1"},"canonical":"https:\/\/orfeolibre.org\/inicio\/detalles-de-orfeo-ng-sistema-de-gestion-documental\/","og_locale":"es_ES","og_type":"article","og_title":"Detalles de Orfeo NG Sistema de Gesti\u00f3n Documental - Orfeo SGDEA - Gesti\u00f3n Documental","og_description":"Orfeo NG es un sistema de Gesti\u00f3n Documental que cumple con +80% de funcionalidades definidas en diversas regulaciones como el Modelo de Requisitos","og_url":"https:\/\/orfeolibre.org\/inicio\/detalles-de-orfeo-ng-sistema-de-gestion-documental\/","og_site_name":"Orfeo SGDEA - Gesti\u00f3n Documental","article_modified_time":"2025-03-17T22:42:18+00:00","og_image":[{"width":540,"height":314,"url":"https:\/\/orfeolibre.org\/inicio\/wp-content\/uploads\/2022\/07\/orfeong_inicio_de_sesion.png","type":"image\/png"}],"twitter_card":"summary_large_image","twitter_misc":{"Tiempo de lectura":"7 minutos"},"schema":{"@context":"https:\/\/schema.org","@graph":[{"@type":"WebPage","@id":"https:\/\/orfeolibre.org\/inicio\/detalles-de-orfeo-ng-sistema-de-gestion-documental\/","url":"https:\/\/orfeolibre.org\/inicio\/detalles-de-orfeo-ng-sistema-de-gestion-documental\/","name":"Detalles de Orfeo NG Sistema de Gesti\u00f3n Documental - Orfeo SGDEA - Gesti\u00f3n Documental","isPartOf":{"@id":"https:\/\/orfeolibre.org\/inicio\/#website"},"primaryImageOfPage":{"@id":"https:\/\/orfeolibre.org\/inicio\/detalles-de-orfeo-ng-sistema-de-gestion-documental\/#primaryimage"},"image":{"@id":"https:\/\/orfeolibre.org\/inicio\/detalles-de-orfeo-ng-sistema-de-gestion-documental\/#primaryimage"},"thumbnailUrl":"https:\/\/orfeolibre.org\/inicio\/wp-content\/uploads\/2022\/07\/orfeong_inicio_de_sesion-300x174.png","datePublished":"2024-04-02T18:26:50+00:00","dateModified":"2025-03-17T22:42:18+00:00","description":"Orfeo NG es un sistema de Gesti\u00f3n Documental que cumple con +80% de funcionalidades definidas en diversas regulaciones como el Modelo de Requisitos","breadcrumb":{"@id":"https:\/\/orfeolibre.org\/inicio\/detalles-de-orfeo-ng-sistema-de-gestion-documental\/#breadcrumb"},"inLanguage":"es","potentialAction":[{"@type":"ReadAction","target":["https:\/\/orfeolibre.org\/inicio\/detalles-de-orfeo-ng-sistema-de-gestion-documental\/"]}]},{"@type":"ImageObject","inLanguage":"es","@id":"https:\/\/orfeolibre.org\/inicio\/detalles-de-orfeo-ng-sistema-de-gestion-documental\/#primaryimage","url":"https:\/\/orfeolibre.org\/inicio\/wp-content\/uploads\/2022\/07\/orfeong_inicio_de_sesion.png","contentUrl":"https:\/\/orfeolibre.org\/inicio\/wp-content\/uploads\/2022\/07\/orfeong_inicio_de_sesion.png","width":540,"height":314,"caption":"Orfeo NG SkinaTech - inicio de sesi\u00f3n"},{"@type":"BreadcrumbList","@id":"https:\/\/orfeolibre.org\/inicio\/detalles-de-orfeo-ng-sistema-de-gestion-documental\/#breadcrumb","itemListElement":[{"@type":"ListItem","position":1,"name":"Portada","item":"https:\/\/orfeolibre.org\/inicio\/"},{"@type":"ListItem","position":2,"name":"Detalles de Orfeo NG Sistema de Gesti\u00f3n Documental"}]},{"@type":"WebSite","@id":"https:\/\/orfeolibre.org\/inicio\/#website","url":"https:\/\/orfeolibre.org\/inicio\/","name":"Orfeo SGDEA - Gesti\u00f3n Documental","description":"Sistema de Gesti\u00f3n Documental de Archivo Electr\u00f3nico","potentialAction":[{"@type":"SearchAction","target":{"@type":"EntryPoint","urlTemplate":"https:\/\/orfeolibre.org\/inicio\/?s={search_term_string}"},"query-input":{"@type":"PropertyValueSpecification","valueRequired":true,"valueName":"search_term_string"}}],"inLanguage":"es"}]}},"_links":{"self":[{"href":"https:\/\/orfeolibre.org\/inicio\/wp-json\/wp\/v2\/pages\/3733","targetHints":{"allow":["GET"]}}],"collection":[{"href":"https:\/\/orfeolibre.org\/inicio\/wp-json\/wp\/v2\/pages"}],"about":[{"href":"https:\/\/orfeolibre.org\/inicio\/wp-json\/wp\/v2\/types\/page"}],"author":[{"embeddable":true,"href":"https:\/\/orfeolibre.org\/inicio\/wp-json\/wp\/v2\/users\/4"}],"replies":[{"embeddable":true,"href":"https:\/\/orfeolibre.org\/inicio\/wp-json\/wp\/v2\/comments?post=3733"}],"version-history":[{"count":13,"href":"https:\/\/orfeolibre.org\/inicio\/wp-json\/wp\/v2\/pages\/3733\/revisions"}],"predecessor-version":[{"id":6571,"href":"https:\/\/orfeolibre.org\/inicio\/wp-json\/wp\/v2\/pages\/3733\/revisions\/6571"}],"wp:attachment":[{"href":"https:\/\/orfeolibre.org\/inicio\/wp-json\/wp\/v2\/media?parent=3733"}],"curies":[{"name":"wp","href":"https:\/\/api.w.org\/{rel}","templated":true}]}}