{"id":376,"date":"2019-11-07T16:33:36","date_gmt":"2019-11-07T16:33:36","guid":{"rendered":"http:\/\/orfeolibre.org\/inicio\/?page_id=376"},"modified":"2022-08-18T22:10:08","modified_gmt":"2022-08-18T22:10:08","slug":"skinascan-ppe","status":"publish","type":"page","link":"https:\/\/orfeolibre.org\/inicio\/skinascan-ppe\/","title":{"rendered":"SkinaScan PPE"},"content":{"rendered":"<p><img decoding=\"async\" class=\"size-medium wp-image-1762 aligncenter\" src=\"https:\/\/orfeolibre.org\/inicio\/wp-content\/uploads\/2022\/08\/skina_scan_by_skinatech-300x126.png\" alt=\"Skina Scan by Skinatech\" width=\"300\" height=\"126\" srcset=\"https:\/\/orfeolibre.org\/inicio\/wp-content\/uploads\/2022\/08\/skina_scan_by_skinatech-300x126.png 300w, https:\/\/orfeolibre.org\/inicio\/wp-content\/uploads\/2022\/08\/skina_scan_by_skinatech-230x97.png 230w, https:\/\/orfeolibre.org\/inicio\/wp-content\/uploads\/2022\/08\/skina_scan_by_skinatech.png 333w\" sizes=\"(max-width: 300px) 100vw, 300px\" \/><\/p>\n<p>SkinaScan es un PPE (Programa de Punto de Entrada), alternativo a OrfeoScan, construido por\u00a0<a href=\"http:\/\/www.skinatech.com\/\" target=\"_blank\" rel=\"noopener noreferrer\">SkinaTech<\/a>, con el fin de satisfacer necesidades propias y de sus clientes y lo entrega a la comunidad como Freeware. Su versi\u00f3n actual (5.0) cuenta entre sus muchas caracter\u00edsticas:<\/p>\n<ul>\n<li>Hecho con alt\u00edsimos est\u00e1ndares calidad en desarrollo de software<\/li>\n<li>Configuraci\u00f3n general mas amigable<\/li>\n<li>Dise\u00f1o de seguridad que no permite la manipulaci\u00f3n de im\u00e1genes<\/li>\n<li>Permite adici\u00f3n de cualquier tipo de archivo a los radicados<\/li>\n<li>Permite FTP activo o Pasivo en configuraci\u00f3n<\/li>\n<li>Permite env\u00edo seguro de im\u00e1genes (SFTP)<\/li>\n<li>Herramienta de OCR incluida<\/li>\n<li>Digitalizaci\u00f3n de im\u00e1genes en PDF\/A buscables<\/li>\n<li>B\u00fasquedas de expedientes y subexpedientes por nombre<\/li>\n<li>Soporte para Sistemas Operativos de 32 \/ 64bits<\/li>\n<\/ul>\n<p>Esta aplicaci\u00f3n fue construida en .Net y esta distribuida con licencia freeware para la comunidad de Orfeo.<\/p>\n<p>El programa y sus manuales est\u00e1n disponibles en la secci\u00f3n de\u00a0<a href=\"https:\/\/orfeolibre.org\/portal\/index.php\/decargas-y-enlaces\/29-skinascan\" target=\"_blank\" rel=\"noopener noreferrer\">Descargas<\/a>. o el mirror en LinuxCOL.<\/p>\n<p><img decoding=\"async\" class=\"size-medium wp-image-379 aligncenter\" src=\"http:\/\/orfeolibre.org\/inicio\/wp-content\/uploads\/2019\/11\/login_skinascan_orfeo-300x152.png\" alt=\"login_skinascan_orfeo\" width=\"300\" height=\"152\" srcset=\"https:\/\/orfeolibre.org\/inicio\/wp-content\/uploads\/2019\/11\/login_skinascan_orfeo-300x152.png 300w, https:\/\/orfeolibre.org\/inicio\/wp-content\/uploads\/2019\/11\/login_skinascan_orfeo-230x116.png 230w, https:\/\/orfeolibre.org\/inicio\/wp-content\/uploads\/2019\/11\/login_skinascan_orfeo-350x177.png 350w, https:\/\/orfeolibre.org\/inicio\/wp-content\/uploads\/2019\/11\/login_skinascan_orfeo.png 399w\" sizes=\"(max-width: 300px) 100vw, 300px\" \/><\/p>\n<p>&nbsp;<\/p>\n<p><img fetchpriority=\"high\" decoding=\"async\" class=\" wp-image-380 aligncenter\" src=\"http:\/\/orfeolibre.org\/inicio\/wp-content\/uploads\/2019\/11\/skinascan_-300x198.png\" alt=\"skinascan_\" width=\"595\" height=\"393\" srcset=\"https:\/\/orfeolibre.org\/inicio\/wp-content\/uploads\/2019\/11\/skinascan_-300x198.png 300w, https:\/\/orfeolibre.org\/inicio\/wp-content\/uploads\/2019\/11\/skinascan_-768x508.png 768w, https:\/\/orfeolibre.org\/inicio\/wp-content\/uploads\/2019\/11\/skinascan_-830x549.png 830w, https:\/\/orfeolibre.org\/inicio\/wp-content\/uploads\/2019\/11\/skinascan_-230x152.png 230w, https:\/\/orfeolibre.org\/inicio\/wp-content\/uploads\/2019\/11\/skinascan_-350x231.png 350w, https:\/\/orfeolibre.org\/inicio\/wp-content\/uploads\/2019\/11\/skinascan_-480x317.png 480w, https:\/\/orfeolibre.org\/inicio\/wp-content\/uploads\/2019\/11\/skinascan_.png 859w\" sizes=\"(max-width: 595px) 100vw, 595px\" \/><\/p>\n<p>&nbsp;<\/p>\n","protected":false},"excerpt":{"rendered":"<p>SkinaScan es un PPE (Programa de Punto de Entrada), alternativo a OrfeoScan, construido por\u00a0SkinaTech, con el fin de satisfacer necesidades propias y de sus clientes y lo entrega a la comunidad como Freeware. Su versi\u00f3n [&hellip;]<\/p>\n","protected":false},"author":4,"featured_media":0,"parent":0,"menu_order":0,"comment_status":"closed","ping_status":"closed","template":"","meta":{"footnotes":""},"class_list":["post-376","page","type-page","status-publish","hentry"],"yoast_head":"<!-- This site is optimized with the Yoast SEO plugin v27.2 - https:\/\/yoast.com\/product\/yoast-seo-wordpress\/ -->\n<title>SkinaScan PPE - Orfeo SGDEA - Gesti\u00f3n Documental<\/title>\n<meta name=\"description\" content=\"Skina Scan PPE es un Programa de Punto de Entrada, alternativo a OrfeoScan, construido por\u00a0SkinaTech, con el fin de satisfacer necesidades propias y de sus clientes y lo entrega a la comunidad como Freeware.\" \/>\n<meta name=\"robots\" content=\"index, follow, max-snippet:-1, max-image-preview:large, max-video-preview:-1\" \/>\n<link rel=\"canonical\" href=\"https:\/\/orfeolibre.org\/inicio\/skinascan-ppe\/\" \/>\n<meta property=\"og:locale\" content=\"es_ES\" \/>\n<meta property=\"og:type\" content=\"article\" \/>\n<meta property=\"og:title\" content=\"SkinaScan PPE - Orfeo SGDEA - Gesti\u00f3n Documental\" \/>\n<meta property=\"og:description\" content=\"Skina Scan PPE es un Programa de Punto de Entrada, alternativo a OrfeoScan, construido por\u00a0SkinaTech, con el fin de satisfacer necesidades propias y de sus clientes y lo entrega a la comunidad como Freeware.\" \/>\n<meta property=\"og:url\" content=\"https:\/\/orfeolibre.org\/inicio\/skinascan-ppe\/\" \/>\n<meta property=\"og:site_name\" content=\"Orfeo SGDEA - Gesti\u00f3n Documental\" \/>\n<meta property=\"article:modified_time\" content=\"2022-08-18T22:10:08+00:00\" \/>\n<meta property=\"og:image\" content=\"https:\/\/orfeolibre.org\/inicio\/wp-content\/uploads\/2022\/08\/skina_scan_by_skinatech-300x126.png\" \/>\n<meta name=\"twitter:card\" content=\"summary_large_image\" \/>\n<meta name=\"twitter:label1\" content=\"Tiempo de lectura\" \/>\n\t<meta name=\"twitter:data1\" content=\"2 minutos\" \/>\n<script type=\"application\/ld+json\" class=\"yoast-schema-graph\">{\"@context\":\"https:\/\/schema.org\",\"@graph\":[{\"@type\":\"WebPage\",\"@id\":\"https:\/\/orfeolibre.org\/inicio\/skinascan-ppe\/\",\"url\":\"https:\/\/orfeolibre.org\/inicio\/skinascan-ppe\/\",\"name\":\"SkinaScan PPE - Orfeo SGDEA - Gesti\u00f3n Documental\",\"isPartOf\":{\"@id\":\"https:\/\/orfeolibre.org\/inicio\/#website\"},\"primaryImageOfPage\":{\"@id\":\"https:\/\/orfeolibre.org\/inicio\/skinascan-ppe\/#primaryimage\"},\"image\":{\"@id\":\"https:\/\/orfeolibre.org\/inicio\/skinascan-ppe\/#primaryimage\"},\"thumbnailUrl\":\"https:\/\/orfeolibre.org\/inicio\/wp-content\/uploads\/2022\/08\/skina_scan_by_skinatech-300x126.png\",\"datePublished\":\"2019-11-07T16:33:36+00:00\",\"dateModified\":\"2022-08-18T22:10:08+00:00\",\"description\":\"Skina Scan PPE es un Programa de Punto de Entrada, alternativo a OrfeoScan, construido por\u00a0SkinaTech, con el fin de satisfacer necesidades propias y de sus clientes y lo entrega a la comunidad como Freeware.\",\"breadcrumb\":{\"@id\":\"https:\/\/orfeolibre.org\/inicio\/skinascan-ppe\/#breadcrumb\"},\"inLanguage\":\"es\",\"potentialAction\":[{\"@type\":\"ReadAction\",\"target\":[\"https:\/\/orfeolibre.org\/inicio\/skinascan-ppe\/\"]}]},{\"@type\":\"ImageObject\",\"inLanguage\":\"es\",\"@id\":\"https:\/\/orfeolibre.org\/inicio\/skinascan-ppe\/#primaryimage\",\"url\":\"https:\/\/orfeolibre.org\/inicio\/wp-content\/uploads\/2022\/08\/skina_scan_by_skinatech.png\",\"contentUrl\":\"https:\/\/orfeolibre.org\/inicio\/wp-content\/uploads\/2022\/08\/skina_scan_by_skinatech.png\",\"width\":333,\"height\":140,\"caption\":\"Skina Scan by Skinatech\"},{\"@type\":\"BreadcrumbList\",\"@id\":\"https:\/\/orfeolibre.org\/inicio\/skinascan-ppe\/#breadcrumb\",\"itemListElement\":[{\"@type\":\"ListItem\",\"position\":1,\"name\":\"Portada\",\"item\":\"https:\/\/orfeolibre.org\/inicio\/\"},{\"@type\":\"ListItem\",\"position\":2,\"name\":\"SkinaScan PPE\"}]},{\"@type\":\"WebSite\",\"@id\":\"https:\/\/orfeolibre.org\/inicio\/#website\",\"url\":\"https:\/\/orfeolibre.org\/inicio\/\",\"name\":\"Orfeo SGDEA - Gesti\u00f3n Documental\",\"description\":\"Sistema de Gesti\u00f3n Documental de Archivo Electr\u00f3nico\",\"potentialAction\":[{\"@type\":\"SearchAction\",\"target\":{\"@type\":\"EntryPoint\",\"urlTemplate\":\"https:\/\/orfeolibre.org\/inicio\/?s={search_term_string}\"},\"query-input\":{\"@type\":\"PropertyValueSpecification\",\"valueRequired\":true,\"valueName\":\"search_term_string\"}}],\"inLanguage\":\"es\"}]}<\/script>\n<!-- \/ Yoast SEO plugin. -->","yoast_head_json":{"title":"SkinaScan PPE - Orfeo SGDEA - Gesti\u00f3n Documental","description":"Skina Scan PPE es un Programa de Punto de Entrada, alternativo a OrfeoScan, construido por\u00a0SkinaTech, con el fin de satisfacer necesidades propias y de sus clientes y lo entrega a la comunidad como Freeware.","robots":{"index":"index","follow":"follow","max-snippet":"max-snippet:-1","max-image-preview":"max-image-preview:large","max-video-preview":"max-video-preview:-1"},"canonical":"https:\/\/orfeolibre.org\/inicio\/skinascan-ppe\/","og_locale":"es_ES","og_type":"article","og_title":"SkinaScan PPE - Orfeo SGDEA - Gesti\u00f3n Documental","og_description":"Skina Scan PPE es un Programa de Punto de Entrada, alternativo a OrfeoScan, construido por\u00a0SkinaTech, con el fin de satisfacer necesidades propias y de sus clientes y lo entrega a la comunidad como Freeware.","og_url":"https:\/\/orfeolibre.org\/inicio\/skinascan-ppe\/","og_site_name":"Orfeo SGDEA - Gesti\u00f3n Documental","article_modified_time":"2022-08-18T22:10:08+00:00","og_image":[{"url":"https:\/\/orfeolibre.org\/inicio\/wp-content\/uploads\/2022\/08\/skina_scan_by_skinatech-300x126.png","type":"","width":"","height":""}],"twitter_card":"summary_large_image","twitter_misc":{"Tiempo de lectura":"2 minutos"},"schema":{"@context":"https:\/\/schema.org","@graph":[{"@type":"WebPage","@id":"https:\/\/orfeolibre.org\/inicio\/skinascan-ppe\/","url":"https:\/\/orfeolibre.org\/inicio\/skinascan-ppe\/","name":"SkinaScan PPE - Orfeo SGDEA - Gesti\u00f3n Documental","isPartOf":{"@id":"https:\/\/orfeolibre.org\/inicio\/#website"},"primaryImageOfPage":{"@id":"https:\/\/orfeolibre.org\/inicio\/skinascan-ppe\/#primaryimage"},"image":{"@id":"https:\/\/orfeolibre.org\/inicio\/skinascan-ppe\/#primaryimage"},"thumbnailUrl":"https:\/\/orfeolibre.org\/inicio\/wp-content\/uploads\/2022\/08\/skina_scan_by_skinatech-300x126.png","datePublished":"2019-11-07T16:33:36+00:00","dateModified":"2022-08-18T22:10:08+00:00","description":"Skina Scan PPE es un Programa de Punto de Entrada, alternativo a OrfeoScan, construido por\u00a0SkinaTech, con el fin de satisfacer necesidades propias y de sus clientes y lo entrega a la comunidad como Freeware.","breadcrumb":{"@id":"https:\/\/orfeolibre.org\/inicio\/skinascan-ppe\/#breadcrumb"},"inLanguage":"es","potentialAction":[{"@type":"ReadAction","target":["https:\/\/orfeolibre.org\/inicio\/skinascan-ppe\/"]}]},{"@type":"ImageObject","inLanguage":"es","@id":"https:\/\/orfeolibre.org\/inicio\/skinascan-ppe\/#primaryimage","url":"https:\/\/orfeolibre.org\/inicio\/wp-content\/uploads\/2022\/08\/skina_scan_by_skinatech.png","contentUrl":"https:\/\/orfeolibre.org\/inicio\/wp-content\/uploads\/2022\/08\/skina_scan_by_skinatech.png","width":333,"height":140,"caption":"Skina Scan by Skinatech"},{"@type":"BreadcrumbList","@id":"https:\/\/orfeolibre.org\/inicio\/skinascan-ppe\/#breadcrumb","itemListElement":[{"@type":"ListItem","position":1,"name":"Portada","item":"https:\/\/orfeolibre.org\/inicio\/"},{"@type":"ListItem","position":2,"name":"SkinaScan PPE"}]},{"@type":"WebSite","@id":"https:\/\/orfeolibre.org\/inicio\/#website","url":"https:\/\/orfeolibre.org\/inicio\/","name":"Orfeo SGDEA - Gesti\u00f3n Documental","description":"Sistema de Gesti\u00f3n Documental de Archivo Electr\u00f3nico","potentialAction":[{"@type":"SearchAction","target":{"@type":"EntryPoint","urlTemplate":"https:\/\/orfeolibre.org\/inicio\/?s={search_term_string}"},"query-input":{"@type":"PropertyValueSpecification","valueRequired":true,"valueName":"search_term_string"}}],"inLanguage":"es"}]}},"_links":{"self":[{"href":"https:\/\/orfeolibre.org\/inicio\/wp-json\/wp\/v2\/pages\/376","targetHints":{"allow":["GET"]}}],"collection":[{"href":"https:\/\/orfeolibre.org\/inicio\/wp-json\/wp\/v2\/pages"}],"about":[{"href":"https:\/\/orfeolibre.org\/inicio\/wp-json\/wp\/v2\/types\/page"}],"author":[{"embeddable":true,"href":"https:\/\/orfeolibre.org\/inicio\/wp-json\/wp\/v2\/users\/4"}],"replies":[{"embeddable":true,"href":"https:\/\/orfeolibre.org\/inicio\/wp-json\/wp\/v2\/comments?post=376"}],"version-history":[{"count":6,"href":"https:\/\/orfeolibre.org\/inicio\/wp-json\/wp\/v2\/pages\/376\/revisions"}],"predecessor-version":[{"id":1763,"href":"https:\/\/orfeolibre.org\/inicio\/wp-json\/wp\/v2\/pages\/376\/revisions\/1763"}],"wp:attachment":[{"href":"https:\/\/orfeolibre.org\/inicio\/wp-json\/wp\/v2\/media?parent=376"}],"curies":[{"name":"wp","href":"https:\/\/api.w.org\/{rel}","templated":true}]}}