{"id":511,"date":"2019-11-08T17:17:42","date_gmt":"2019-11-08T17:17:42","guid":{"rendered":"http:\/\/orfeolibre.org\/inicio\/?page_id=511"},"modified":"2019-11-21T22:24:38","modified_gmt":"2019-11-21T22:24:38","slug":"ayuda","status":"publish","type":"page","link":"https:\/\/orfeolibre.org\/inicio\/ayuda\/","title":{"rendered":"Ayuda"},"content":{"rendered":"<ul class=\"level_1\">\n<li>Preguntas Frecuentes &#8211; FAQ\n<ul class=\"level_2\">\n<li><a title=\"Generales\" href=\"https:\/\/orfeolibre.org\/inicio\/generales\/\">Generales<\/a>\n<ul class=\"level_3\">\n<li>\u00bfQu\u00e9 es Gesti\u00f3n Documental?<\/li>\n<li>\u00bfQu\u00e9 es la licencia GPL?<\/li>\n<li>\u00bfQu\u00e9 es un programa de Gesti\u00f3n Documental<\/li>\n<\/ul>\n<\/li>\n<li><a title=\"Acerca de OrfeoLibre\" href=\"https:\/\/orfeolibre.org\/inicio\/acerca-de-orfeolibre\/\">Acerca de OrfeoLibre<\/a>\n<ul class=\"level_3\">\n<li>\u00bfCu\u00e1l es su relaci\u00f3n OrfeoGPL?<\/li>\n<li>\u00bfQu\u00e9 es OrfeoLibre?<\/li>\n<\/ul>\n<\/li>\n<li><a title=\"Orfeo SGD\" href=\"https:\/\/orfeolibre.org\/inicio\/orfeo-sgd\/\">Orfeo SGD<\/a>\n<ul class=\"level_3\">\n<li>\u00bfC\u00f3mo hago Backup de Orfeo ?<\/li>\n<li>\u00bfOrfeo corre en MacOS o MS-Windows?<\/li>\n<li>\u00bfOrfeo es gratis o tiene costo?<\/li>\n<li>\u00bfEn qu\u00e9 lenguaje esta hecho Orfeo?<\/li>\n<li>\u00bfCu\u00e1les bases de datos puede usar Orfeo?<\/li>\n<li>\u00bfTiene costo implementar Orfeo?<\/li>\n<li>Video: \u00bfC\u00f3mo radicar en Orfeo 5?<\/li>\n<li>\u00bfQu\u00e9 es Orfeo ?<\/li>\n<\/ul>\n<\/li>\n<li><a title=\"Virtual Orfeo\" href=\"https:\/\/orfeolibre.org\/inicio\/virtual-orfeo-2\/\">Virtual Orfeo<\/a>\n<ul class=\"level_3\">\n<li>No tengo Red en VMware+Ubuntu<\/li>\n<li>\u00bfQu\u00e9 es Virtual Orfeo?<\/li>\n<\/ul>\n<\/li>\n<li><a title=\"SkinaScan\" href=\"https:\/\/orfeolibre.org\/inicio\/skinascan\/\">SkinaScan<\/a>\n<ul class=\"level_3\">\n<li>\u00bfSkinaScan respeta la licencia GPL de Orfeo?<\/li>\n<li>\u00bfPor qu\u00e9 lo llaman PPE y no digitalizador?<\/li>\n<li>\u00bfSkinaScan deber\u00eda ser GPL?<\/li>\n<li>\u00bfQu\u00e9 es SkinaScan PPE?<\/li>\n<\/ul>\n<\/li>\n<li><a title=\"Orfeo Cloud\" href=\"https:\/\/orfeolibre.org\/inicio\/orfeo-cloud-2\/\">Orfeo Cloud<\/a>\n<ul class=\"level_3\">\n<li>\u00bfOrfeo es compatible con la nube?<\/li>\n<\/ul>\n<\/li>\n<li><a title=\"Kuane Live\" href=\"https:\/\/orfeolibre.org\/inicio\/kuane-live-2\/\">Kuane Live<\/a><\/li>\n<\/ul>\n<\/li>\n<li><a title=\"Foros\" href=\"https:\/\/orfeolibre.org\/portal\/index.php\/ayuda\/foros\">Foros<\/a><\/li>\n<li><a title=\"Manual de Usuario\" href=\"https:\/\/orfeolibre.org\/inicio\/manual-de-usuario\/\">Manual de Usuario<\/a><\/li>\n<\/ul>\n","protected":false},"excerpt":{"rendered":"<p>Preguntas Frecuentes &#8211; FAQ Generales \u00bfQu\u00e9 es Gesti\u00f3n Documental? \u00bfQu\u00e9 es la licencia GPL? \u00bfQu\u00e9 es un programa de Gesti\u00f3n Documental Acerca de OrfeoLibre \u00bfCu\u00e1l es su relaci\u00f3n OrfeoGPL? \u00bfQu\u00e9 es OrfeoLibre? Orfeo SGD \u00bfC\u00f3mo [&hellip;]<\/p>\n","protected":false},"author":4,"featured_media":0,"parent":0,"menu_order":0,"comment_status":"closed","ping_status":"closed","template":"","meta":{"footnotes":""},"class_list":["post-511","page","type-page","status-publish","hentry"],"yoast_head":"<!-- This site is optimized with the Yoast SEO plugin v27.2 - https:\/\/yoast.com\/product\/yoast-seo-wordpress\/ -->\n<title>Ayuda - Orfeo SGDEA - Gesti\u00f3n Documental<\/title>\n<meta name=\"robots\" content=\"index, follow, max-snippet:-1, max-image-preview:large, max-video-preview:-1\" \/>\n<link rel=\"canonical\" href=\"https:\/\/orfeolibre.org\/inicio\/ayuda\/\" \/>\n<meta property=\"og:locale\" content=\"es_ES\" \/>\n<meta property=\"og:type\" content=\"article\" \/>\n<meta property=\"og:title\" content=\"Ayuda - Orfeo SGDEA - Gesti\u00f3n Documental\" \/>\n<meta property=\"og:description\" content=\"Preguntas Frecuentes &#8211; FAQ Generales \u00bfQu\u00e9 es Gesti\u00f3n Documental? \u00bfQu\u00e9 es la licencia GPL? \u00bfQu\u00e9 es un programa de Gesti\u00f3n Documental Acerca de OrfeoLibre \u00bfCu\u00e1l es su relaci\u00f3n OrfeoGPL? \u00bfQu\u00e9 es OrfeoLibre? Orfeo SGD \u00bfC\u00f3mo [&hellip;]\" \/>\n<meta property=\"og:url\" content=\"https:\/\/orfeolibre.org\/inicio\/ayuda\/\" \/>\n<meta property=\"og:site_name\" content=\"Orfeo SGDEA - Gesti\u00f3n Documental\" \/>\n<meta property=\"article:modified_time\" content=\"2019-11-21T22:24:38+00:00\" \/>\n<meta name=\"twitter:card\" content=\"summary_large_image\" \/>\n<meta name=\"twitter:label1\" content=\"Tiempo de lectura\" \/>\n\t<meta name=\"twitter:data1\" content=\"1 minuto\" \/>\n<script type=\"application\/ld+json\" class=\"yoast-schema-graph\">{\"@context\":\"https:\/\/schema.org\",\"@graph\":[{\"@type\":\"WebPage\",\"@id\":\"https:\/\/orfeolibre.org\/inicio\/ayuda\/\",\"url\":\"https:\/\/orfeolibre.org\/inicio\/ayuda\/\",\"name\":\"Ayuda - Orfeo SGDEA - Gesti\u00f3n Documental\",\"isPartOf\":{\"@id\":\"https:\/\/orfeolibre.org\/inicio\/#website\"},\"datePublished\":\"2019-11-08T17:17:42+00:00\",\"dateModified\":\"2019-11-21T22:24:38+00:00\",\"breadcrumb\":{\"@id\":\"https:\/\/orfeolibre.org\/inicio\/ayuda\/#breadcrumb\"},\"inLanguage\":\"es\",\"potentialAction\":[{\"@type\":\"ReadAction\",\"target\":[\"https:\/\/orfeolibre.org\/inicio\/ayuda\/\"]}]},{\"@type\":\"BreadcrumbList\",\"@id\":\"https:\/\/orfeolibre.org\/inicio\/ayuda\/#breadcrumb\",\"itemListElement\":[{\"@type\":\"ListItem\",\"position\":1,\"name\":\"Portada\",\"item\":\"https:\/\/orfeolibre.org\/inicio\/\"},{\"@type\":\"ListItem\",\"position\":2,\"name\":\"Ayuda\"}]},{\"@type\":\"WebSite\",\"@id\":\"https:\/\/orfeolibre.org\/inicio\/#website\",\"url\":\"https:\/\/orfeolibre.org\/inicio\/\",\"name\":\"Orfeo SGDEA - Gesti\u00f3n Documental\",\"description\":\"Sistema de Gesti\u00f3n Documental de Archivo Electr\u00f3nico\",\"potentialAction\":[{\"@type\":\"SearchAction\",\"target\":{\"@type\":\"EntryPoint\",\"urlTemplate\":\"https:\/\/orfeolibre.org\/inicio\/?s={search_term_string}\"},\"query-input\":{\"@type\":\"PropertyValueSpecification\",\"valueRequired\":true,\"valueName\":\"search_term_string\"}}],\"inLanguage\":\"es\"}]}<\/script>\n<!-- \/ Yoast SEO plugin. -->","yoast_head_json":{"title":"Ayuda - Orfeo SGDEA - Gesti\u00f3n Documental","robots":{"index":"index","follow":"follow","max-snippet":"max-snippet:-1","max-image-preview":"max-image-preview:large","max-video-preview":"max-video-preview:-1"},"canonical":"https:\/\/orfeolibre.org\/inicio\/ayuda\/","og_locale":"es_ES","og_type":"article","og_title":"Ayuda - Orfeo SGDEA - Gesti\u00f3n Documental","og_description":"Preguntas Frecuentes &#8211; FAQ Generales \u00bfQu\u00e9 es Gesti\u00f3n Documental? \u00bfQu\u00e9 es la licencia GPL? \u00bfQu\u00e9 es un programa de Gesti\u00f3n Documental Acerca de OrfeoLibre \u00bfCu\u00e1l es su relaci\u00f3n OrfeoGPL? \u00bfQu\u00e9 es OrfeoLibre? Orfeo SGD \u00bfC\u00f3mo [&hellip;]","og_url":"https:\/\/orfeolibre.org\/inicio\/ayuda\/","og_site_name":"Orfeo SGDEA - Gesti\u00f3n Documental","article_modified_time":"2019-11-21T22:24:38+00:00","twitter_card":"summary_large_image","twitter_misc":{"Tiempo de lectura":"1 minuto"},"schema":{"@context":"https:\/\/schema.org","@graph":[{"@type":"WebPage","@id":"https:\/\/orfeolibre.org\/inicio\/ayuda\/","url":"https:\/\/orfeolibre.org\/inicio\/ayuda\/","name":"Ayuda - Orfeo SGDEA - Gesti\u00f3n Documental","isPartOf":{"@id":"https:\/\/orfeolibre.org\/inicio\/#website"},"datePublished":"2019-11-08T17:17:42+00:00","dateModified":"2019-11-21T22:24:38+00:00","breadcrumb":{"@id":"https:\/\/orfeolibre.org\/inicio\/ayuda\/#breadcrumb"},"inLanguage":"es","potentialAction":[{"@type":"ReadAction","target":["https:\/\/orfeolibre.org\/inicio\/ayuda\/"]}]},{"@type":"BreadcrumbList","@id":"https:\/\/orfeolibre.org\/inicio\/ayuda\/#breadcrumb","itemListElement":[{"@type":"ListItem","position":1,"name":"Portada","item":"https:\/\/orfeolibre.org\/inicio\/"},{"@type":"ListItem","position":2,"name":"Ayuda"}]},{"@type":"WebSite","@id":"https:\/\/orfeolibre.org\/inicio\/#website","url":"https:\/\/orfeolibre.org\/inicio\/","name":"Orfeo SGDEA - Gesti\u00f3n Documental","description":"Sistema de Gesti\u00f3n Documental de Archivo Electr\u00f3nico","potentialAction":[{"@type":"SearchAction","target":{"@type":"EntryPoint","urlTemplate":"https:\/\/orfeolibre.org\/inicio\/?s={search_term_string}"},"query-input":{"@type":"PropertyValueSpecification","valueRequired":true,"valueName":"search_term_string"}}],"inLanguage":"es"}]}},"_links":{"self":[{"href":"https:\/\/orfeolibre.org\/inicio\/wp-json\/wp\/v2\/pages\/511","targetHints":{"allow":["GET"]}}],"collection":[{"href":"https:\/\/orfeolibre.org\/inicio\/wp-json\/wp\/v2\/pages"}],"about":[{"href":"https:\/\/orfeolibre.org\/inicio\/wp-json\/wp\/v2\/types\/page"}],"author":[{"embeddable":true,"href":"https:\/\/orfeolibre.org\/inicio\/wp-json\/wp\/v2\/users\/4"}],"replies":[{"embeddable":true,"href":"https:\/\/orfeolibre.org\/inicio\/wp-json\/wp\/v2\/comments?post=511"}],"version-history":[{"count":11,"href":"https:\/\/orfeolibre.org\/inicio\/wp-json\/wp\/v2\/pages\/511\/revisions"}],"predecessor-version":[{"id":590,"href":"https:\/\/orfeolibre.org\/inicio\/wp-json\/wp\/v2\/pages\/511\/revisions\/590"}],"wp:attachment":[{"href":"https:\/\/orfeolibre.org\/inicio\/wp-json\/wp\/v2\/media?parent=511"}],"curies":[{"name":"wp","href":"https:\/\/api.w.org\/{rel}","templated":true}]}}