{"id":550,"date":"2019-11-08T18:15:05","date_gmt":"2019-11-08T18:15:05","guid":{"rendered":"http:\/\/orfeolibre.org\/inicio\/?page_id=550"},"modified":"2019-11-18T12:44:41","modified_gmt":"2019-11-18T12:44:41","slug":"virtual-orfeo-2","status":"publish","type":"page","link":"https:\/\/orfeolibre.org\/inicio\/virtual-orfeo-2\/","title":{"rendered":"Virtual Orfeo"},"content":{"rendered":"\t\t<div data-elementor-type=\"wp-page\" data-elementor-id=\"550\" class=\"elementor elementor-550\">\n\t\t\t\t\t\t<section class=\"elementor-section elementor-top-section elementor-element elementor-element-36ac5579 elementor-section-boxed elementor-section-height-default elementor-section-height-default\" data-id=\"36ac5579\" data-element_type=\"section\" data-e-type=\"section\">\n\t\t\t\t\t\t<div class=\"elementor-container elementor-column-gap-default\">\n\t\t\t\t\t<div class=\"elementor-column elementor-col-100 elementor-top-column elementor-element elementor-element-5cd5742d\" data-id=\"5cd5742d\" data-element_type=\"column\" data-e-type=\"column\">\n\t\t\t<div class=\"elementor-widget-wrap elementor-element-populated\">\n\t\t\t\t\t\t<div class=\"elementor-element elementor-element-76422748 elementor-widget elementor-widget-text-editor\" data-id=\"76422748\" data-element_type=\"widget\" data-e-type=\"widget\" data-widget_type=\"text-editor.default\">\n\t\t\t\t<div class=\"elementor-widget-container\">\n\t\t\t\t\t\t\t\t\t<div id=\"jsn-maincontent\" class=\"span9 order2 offset3 row-fluid\"><div id=\"jsn-centercol\" class=\"span12 order1 \"><div id=\"jsn-centercol_inner\"><div id=\"jsn-mainbody-content\" class=\" jsn-hasmainbody\"><div id=\"jsn-mainbody\"><div class=\"avatar-blog blog\"><div class=\"category-desc clearfix\"><p><img fetchpriority=\"high\" decoding=\"async\" class=\"alignnone size-medium wp-image-711 aligncenter\" src=\"https:\/\/orfeolibre.org\/inicio\/wp-content\/uploads\/2019\/11\/virtual_companies-1-300x287.jpg\" alt=\"virtual_companies\" width=\"300\" height=\"287\" srcset=\"https:\/\/orfeolibre.org\/inicio\/wp-content\/uploads\/2019\/11\/virtual_companies-1-300x287.jpg 300w, https:\/\/orfeolibre.org\/inicio\/wp-content\/uploads\/2019\/11\/virtual_companies-1-230x220.jpg 230w, https:\/\/orfeolibre.org\/inicio\/wp-content\/uploads\/2019\/11\/virtual_companies-1.jpg 340w\" sizes=\"(max-width: 300px) 100vw, 300px\" \/><\/p><p>Virtual Orfeo es un proyecto de <a href=\"https:\/\/orfeolibre.org\/\">OrfeoLibre<\/a> con el apoyo de <a href=\"http:\/\/www.skinatech.com\">SkinaTech<\/a> para la creaci\u00f3n de m\u00e1quinas virtuales con todo lo necesario para ser un servidor de Orfeo SGD completamente funcional.<\/p><\/div><div class=\"items-leading\"><div class=\"avatar-blog-item avatar-item-leading leading-0\"><div class=\"avatar-item-image-below\"><div class=\"avatar-item-title\"><h4>No tengo Red en VMware+Ubuntu<\/h4><\/div><p>Este problema ocurre con algunas distribuciones familiares con Debian en donde el udev es muy terco y no se da cuenta que las cosas cambian.<\/p><p>La solucion facil, edite el archivo \/etc\/udev\/rules.d\/70-persistent-net.rules \u00a0que debe lucir como<\/p><hr \/><pre># This file was automatically generated by the \/lib\/udev\/write_net_rules  \n# program run by the persistent-net-generator.rules rules file.  #  \n# You can modify it, as long as you keep each rule on a single line.<\/pre><pre># PCI device 0x1022:0x2000 (pcnet32)  \nSUBSYSTEM==\"net\", ACTION==\"add\", DRIVERS==\"?*\", ATTR{address}==\"00:0c:29:8c:41:3f\", ATTR{type}==\"1\", KERNEL==\"eth*\", NAME=\"eth0\"<\/pre><pre># PCI device 0x1022:0x2000 (pcnet32)  \nSUBSYSTEM==\"net\", ACTION==\"add\", DRIVERS==\"?*\", ATTR{address}==\"00:0c:29:8c:41:3f\", ATTR{type}==\"1\", KERNEL==\"eth*\", NAME=\"eth1\"<\/pre><pre># PCI device 0x1022:0x2000 (pcnet32)  \nSUBSYSTEM==\"net\", ACTION==\"add\", DRIVERS==\"?*\", ATTR{address}==\"00:0c:29:8c:41:3f\", ATTR{type}==\"1\", KERNEL==\"eth*\", NAME=\"eth2\"<\/pre><hr \/><pre>\u00a0<\/pre><p>Borre todas las definiciones debajo del comentario, en donde inicia con PCI.<\/p><p>Es posible que sea necesario tambien cambiar el nombre de la interfaz de red. La maquina viene con la interfaz eth1 configurada y para cambiarla edite el archivo \/etc\/network\/interfaces y debe quedar algo como<\/p><hr \/><pre># This file describes the network interfaces available on your system\n# and how to activate them. For more information, see interfaces(5).<\/pre><pre># The loopback network interface \nauto lo\niface lo inet loopback<\/pre><pre># The primary network interface \nauto eth0  \niface eth0 inet dhcp<\/pre><hr \/><p>Una vez termine, reinicie.<\/p><\/div><\/div><\/div><div class=\"span6\"><div class=\"avatar-blog-item avatar-item-row item column-0\"><div class=\"avatar-item-image-below\"><div class=\"avatar-item-title\"><h4>Que es Virtual Orfeo ?<\/h4><\/div><p><strong>Virtual Orfeo<\/strong> es un proyecto de <strong>OrfeoLibre<\/strong> (http:\/\/www.ofeolibre.org) con el apoyo de <strong>SkinaTech<\/strong> (<a href=\"http:\/\/www.skinatech.com\">http:\/\/www.skinatech.com<\/a>) para la creaci\u00f3n de m\u00e1quinas virtuales con todo lo necesario para ser un servidor de Orfeo SGD completamente funcional y con el \u00fanico proposito de difundir el uso de la herramienta de software libre Orfeo eliminando las posibles trabas en la instalaci\u00f3n y puesta en marcha del aplicativo.<\/p><p>Dentro del los objetivos esta realizar un conjunto de M\u00e1quinas virtuales , para diferentes esquemas de virtualizaci\u00f3n (VMware, Xen y VirtualBox) y con diferentes Sistemas Operativos (Ubuntu, CentOS, OpenSuSE).<\/p><\/div><\/div><\/div><\/div><\/div><\/div><\/div><\/div><\/div>\t\t\t\t\t\t\t\t<\/div>\n\t\t\t\t<\/div>\n\t\t\t\t\t<\/div>\n\t\t<\/div>\n\t\t\t\t\t<\/div>\n\t\t<\/section>\n\t\t\t\t<\/div>\n\t\t","protected":false},"excerpt":{"rendered":"<p>Virtual Orfeo es un proyecto de OrfeoLibre con el apoyo de SkinaTech para la creaci\u00f3n de m\u00e1quinas virtuales con todo lo necesario para ser un servidor de Orfeo SGD completamente funcional. No tengo Red en [&hellip;]<\/p>\n","protected":false},"author":4,"featured_media":0,"parent":0,"menu_order":0,"comment_status":"closed","ping_status":"closed","template":"","meta":{"footnotes":""},"class_list":["post-550","page","type-page","status-publish","hentry"],"yoast_head":"<!-- This site is optimized with the Yoast SEO plugin v27.2 - https:\/\/yoast.com\/product\/yoast-seo-wordpress\/ -->\n<title>Virtual Orfeo - Orfeo SGDEA - Gesti\u00f3n Documental<\/title>\n<meta name=\"robots\" content=\"index, follow, max-snippet:-1, max-image-preview:large, max-video-preview:-1\" \/>\n<link rel=\"canonical\" href=\"https:\/\/orfeolibre.org\/inicio\/virtual-orfeo-2\/\" \/>\n<meta property=\"og:locale\" content=\"es_ES\" \/>\n<meta property=\"og:type\" content=\"article\" \/>\n<meta property=\"og:title\" content=\"Virtual Orfeo - Orfeo SGDEA - Gesti\u00f3n Documental\" \/>\n<meta property=\"og:description\" content=\"Virtual Orfeo es un proyecto de OrfeoLibre con el apoyo de SkinaTech para la creaci\u00f3n de m\u00e1quinas virtuales con todo lo necesario para ser un servidor de Orfeo SGD completamente funcional. No tengo Red en [&hellip;]\" \/>\n<meta property=\"og:url\" content=\"https:\/\/orfeolibre.org\/inicio\/virtual-orfeo-2\/\" \/>\n<meta property=\"og:site_name\" content=\"Orfeo SGDEA - Gesti\u00f3n Documental\" \/>\n<meta property=\"article:modified_time\" content=\"2019-11-18T12:44:41+00:00\" \/>\n<meta property=\"og:image\" content=\"https:\/\/orfeolibre.org\/inicio\/wp-content\/uploads\/2019\/11\/virtual_companies-1-300x287.jpg\" \/>\n<meta name=\"twitter:card\" content=\"summary_large_image\" \/>\n<meta name=\"twitter:label1\" content=\"Tiempo de lectura\" \/>\n\t<meta name=\"twitter:data1\" content=\"2 minutos\" \/>\n<script type=\"application\/ld+json\" class=\"yoast-schema-graph\">{\"@context\":\"https:\/\/schema.org\",\"@graph\":[{\"@type\":\"WebPage\",\"@id\":\"https:\/\/orfeolibre.org\/inicio\/virtual-orfeo-2\/\",\"url\":\"https:\/\/orfeolibre.org\/inicio\/virtual-orfeo-2\/\",\"name\":\"Virtual Orfeo - Orfeo SGDEA - Gesti\u00f3n Documental\",\"isPartOf\":{\"@id\":\"https:\/\/orfeolibre.org\/inicio\/#website\"},\"primaryImageOfPage\":{\"@id\":\"https:\/\/orfeolibre.org\/inicio\/virtual-orfeo-2\/#primaryimage\"},\"image\":{\"@id\":\"https:\/\/orfeolibre.org\/inicio\/virtual-orfeo-2\/#primaryimage\"},\"thumbnailUrl\":\"https:\/\/orfeolibre.org\/inicio\/wp-content\/uploads\/2019\/11\/virtual_companies-1-300x287.jpg\",\"datePublished\":\"2019-11-08T18:15:05+00:00\",\"dateModified\":\"2019-11-18T12:44:41+00:00\",\"breadcrumb\":{\"@id\":\"https:\/\/orfeolibre.org\/inicio\/virtual-orfeo-2\/#breadcrumb\"},\"inLanguage\":\"es\",\"potentialAction\":[{\"@type\":\"ReadAction\",\"target\":[\"https:\/\/orfeolibre.org\/inicio\/virtual-orfeo-2\/\"]}]},{\"@type\":\"ImageObject\",\"inLanguage\":\"es\",\"@id\":\"https:\/\/orfeolibre.org\/inicio\/virtual-orfeo-2\/#primaryimage\",\"url\":\"https:\/\/orfeolibre.org\/inicio\/wp-content\/uploads\/2019\/11\/virtual_companies-1.jpg\",\"contentUrl\":\"https:\/\/orfeolibre.org\/inicio\/wp-content\/uploads\/2019\/11\/virtual_companies-1.jpg\",\"width\":340,\"height\":325,\"caption\":\"virtual_companies\"},{\"@type\":\"BreadcrumbList\",\"@id\":\"https:\/\/orfeolibre.org\/inicio\/virtual-orfeo-2\/#breadcrumb\",\"itemListElement\":[{\"@type\":\"ListItem\",\"position\":1,\"name\":\"Portada\",\"item\":\"https:\/\/orfeolibre.org\/inicio\/\"},{\"@type\":\"ListItem\",\"position\":2,\"name\":\"Virtual Orfeo\"}]},{\"@type\":\"WebSite\",\"@id\":\"https:\/\/orfeolibre.org\/inicio\/#website\",\"url\":\"https:\/\/orfeolibre.org\/inicio\/\",\"name\":\"Orfeo SGDEA - Gesti\u00f3n Documental\",\"description\":\"Sistema de Gesti\u00f3n Documental de Archivo Electr\u00f3nico\",\"potentialAction\":[{\"@type\":\"SearchAction\",\"target\":{\"@type\":\"EntryPoint\",\"urlTemplate\":\"https:\/\/orfeolibre.org\/inicio\/?s={search_term_string}\"},\"query-input\":{\"@type\":\"PropertyValueSpecification\",\"valueRequired\":true,\"valueName\":\"search_term_string\"}}],\"inLanguage\":\"es\"}]}<\/script>\n<!-- \/ Yoast SEO plugin. -->","yoast_head_json":{"title":"Virtual Orfeo - Orfeo SGDEA - Gesti\u00f3n Documental","robots":{"index":"index","follow":"follow","max-snippet":"max-snippet:-1","max-image-preview":"max-image-preview:large","max-video-preview":"max-video-preview:-1"},"canonical":"https:\/\/orfeolibre.org\/inicio\/virtual-orfeo-2\/","og_locale":"es_ES","og_type":"article","og_title":"Virtual Orfeo - Orfeo SGDEA - Gesti\u00f3n Documental","og_description":"Virtual Orfeo es un proyecto de OrfeoLibre con el apoyo de SkinaTech para la creaci\u00f3n de m\u00e1quinas virtuales con todo lo necesario para ser un servidor de Orfeo SGD completamente funcional. No tengo Red en [&hellip;]","og_url":"https:\/\/orfeolibre.org\/inicio\/virtual-orfeo-2\/","og_site_name":"Orfeo SGDEA - Gesti\u00f3n Documental","article_modified_time":"2019-11-18T12:44:41+00:00","og_image":[{"url":"https:\/\/orfeolibre.org\/inicio\/wp-content\/uploads\/2019\/11\/virtual_companies-1-300x287.jpg","type":"","width":"","height":""}],"twitter_card":"summary_large_image","twitter_misc":{"Tiempo de lectura":"2 minutos"},"schema":{"@context":"https:\/\/schema.org","@graph":[{"@type":"WebPage","@id":"https:\/\/orfeolibre.org\/inicio\/virtual-orfeo-2\/","url":"https:\/\/orfeolibre.org\/inicio\/virtual-orfeo-2\/","name":"Virtual Orfeo - Orfeo SGDEA - Gesti\u00f3n Documental","isPartOf":{"@id":"https:\/\/orfeolibre.org\/inicio\/#website"},"primaryImageOfPage":{"@id":"https:\/\/orfeolibre.org\/inicio\/virtual-orfeo-2\/#primaryimage"},"image":{"@id":"https:\/\/orfeolibre.org\/inicio\/virtual-orfeo-2\/#primaryimage"},"thumbnailUrl":"https:\/\/orfeolibre.org\/inicio\/wp-content\/uploads\/2019\/11\/virtual_companies-1-300x287.jpg","datePublished":"2019-11-08T18:15:05+00:00","dateModified":"2019-11-18T12:44:41+00:00","breadcrumb":{"@id":"https:\/\/orfeolibre.org\/inicio\/virtual-orfeo-2\/#breadcrumb"},"inLanguage":"es","potentialAction":[{"@type":"ReadAction","target":["https:\/\/orfeolibre.org\/inicio\/virtual-orfeo-2\/"]}]},{"@type":"ImageObject","inLanguage":"es","@id":"https:\/\/orfeolibre.org\/inicio\/virtual-orfeo-2\/#primaryimage","url":"https:\/\/orfeolibre.org\/inicio\/wp-content\/uploads\/2019\/11\/virtual_companies-1.jpg","contentUrl":"https:\/\/orfeolibre.org\/inicio\/wp-content\/uploads\/2019\/11\/virtual_companies-1.jpg","width":340,"height":325,"caption":"virtual_companies"},{"@type":"BreadcrumbList","@id":"https:\/\/orfeolibre.org\/inicio\/virtual-orfeo-2\/#breadcrumb","itemListElement":[{"@type":"ListItem","position":1,"name":"Portada","item":"https:\/\/orfeolibre.org\/inicio\/"},{"@type":"ListItem","position":2,"name":"Virtual Orfeo"}]},{"@type":"WebSite","@id":"https:\/\/orfeolibre.org\/inicio\/#website","url":"https:\/\/orfeolibre.org\/inicio\/","name":"Orfeo SGDEA - Gesti\u00f3n Documental","description":"Sistema de Gesti\u00f3n Documental de Archivo Electr\u00f3nico","potentialAction":[{"@type":"SearchAction","target":{"@type":"EntryPoint","urlTemplate":"https:\/\/orfeolibre.org\/inicio\/?s={search_term_string}"},"query-input":{"@type":"PropertyValueSpecification","valueRequired":true,"valueName":"search_term_string"}}],"inLanguage":"es"}]}},"_links":{"self":[{"href":"https:\/\/orfeolibre.org\/inicio\/wp-json\/wp\/v2\/pages\/550","targetHints":{"allow":["GET"]}}],"collection":[{"href":"https:\/\/orfeolibre.org\/inicio\/wp-json\/wp\/v2\/pages"}],"about":[{"href":"https:\/\/orfeolibre.org\/inicio\/wp-json\/wp\/v2\/types\/page"}],"author":[{"embeddable":true,"href":"https:\/\/orfeolibre.org\/inicio\/wp-json\/wp\/v2\/users\/4"}],"replies":[{"embeddable":true,"href":"https:\/\/orfeolibre.org\/inicio\/wp-json\/wp\/v2\/comments?post=550"}],"version-history":[{"count":4,"href":"https:\/\/orfeolibre.org\/inicio\/wp-json\/wp\/v2\/pages\/550\/revisions"}],"predecessor-version":[{"id":712,"href":"https:\/\/orfeolibre.org\/inicio\/wp-json\/wp\/v2\/pages\/550\/revisions\/712"}],"wp:attachment":[{"href":"https:\/\/orfeolibre.org\/inicio\/wp-json\/wp\/v2\/media?parent=550"}],"curies":[{"name":"wp","href":"https:\/\/api.w.org\/{rel}","templated":true}]}}