{"id":597,"date":"2019-11-12T13:14:57","date_gmt":"2019-11-12T13:14:57","guid":{"rendered":"http:\/\/orfeolibre.org\/inicio\/?page_id=597"},"modified":"2019-11-22T01:06:24","modified_gmt":"2019-11-22T01:06:24","slug":"manual-de-usuario","status":"publish","type":"page","link":"https:\/\/orfeolibre.org\/inicio\/manual-de-usuario\/","title":{"rendered":"Manual de Usuario"},"content":{"rendered":"\t\t<div data-elementor-type=\"wp-page\" data-elementor-id=\"597\" class=\"elementor elementor-597\">\n\t\t\t\t\t\t<section class=\"elementor-section elementor-top-section elementor-element elementor-element-35b929e4 elementor-section-boxed elementor-section-height-default elementor-section-height-default\" data-id=\"35b929e4\" data-element_type=\"section\" data-e-type=\"section\">\n\t\t\t\t\t\t<div class=\"elementor-container elementor-column-gap-default\">\n\t\t\t\t\t<div class=\"elementor-column elementor-col-100 elementor-top-column elementor-element elementor-element-1c00d7a0\" data-id=\"1c00d7a0\" data-element_type=\"column\" data-e-type=\"column\">\n\t\t\t<div class=\"elementor-widget-wrap elementor-element-populated\">\n\t\t\t\t\t\t<div class=\"elementor-element elementor-element-71248fd3 elementor-widget elementor-widget-text-editor\" data-id=\"71248fd3\" data-element_type=\"widget\" data-e-type=\"widget\" data-widget_type=\"text-editor.default\">\n\t\t\t\t<div class=\"elementor-widget-container\">\n\t\t\t\t\t\t\t\t\t<div><p>Puede entrar y descargarlos de\u00a0<a href=\"https:\/\/mega.nz\/#!u1c0CAZK!2bNAGcrakG2OYGrIXcQmELS_AFe3rhi3uD6-6mbrSlE\" target=\"_blank\" rel=\"noopener noreferrer\">Manuales Completos de Orfeo 5.5<\/a><\/p><\/div><div class=\"jsn-article-toolbar\"><div class=\"article-info muted\">\u00a0<\/div><\/div>\t\t\t\t\t\t\t\t<\/div>\n\t\t\t\t<\/div>\n\t\t\t\t\t<\/div>\n\t\t<\/div>\n\t\t\t\t\t<\/div>\n\t\t<\/section>\n\t\t\t\t<\/div>\n\t\t","protected":false},"excerpt":{"rendered":"<p>Puede entrar y descargarlos de\u00a0Manuales Completos de Orfeo 5.5<\/p>\n","protected":false},"author":4,"featured_media":0,"parent":0,"menu_order":0,"comment_status":"closed","ping_status":"closed","template":"","meta":{"footnotes":""},"class_list":["post-597","page","type-page","status-publish","hentry"],"yoast_head":"<!-- This site is optimized with the Yoast SEO plugin v27.4 - https:\/\/yoast.com\/product\/yoast-seo-wordpress\/ -->\n<title>Manual de Usuario - Orfeo SGDEA - Gesti\u00f3n Documental<\/title>\n<meta name=\"robots\" content=\"index, follow, max-snippet:-1, max-image-preview:large, max-video-preview:-1\" \/>\n<link rel=\"canonical\" href=\"https:\/\/orfeolibre.org\/inicio\/manual-de-usuario\/\" \/>\n<meta property=\"og:locale\" content=\"es_ES\" \/>\n<meta property=\"og:type\" content=\"article\" \/>\n<meta property=\"og:title\" content=\"Manual de Usuario - Orfeo SGDEA - Gesti\u00f3n Documental\" \/>\n<meta property=\"og:description\" content=\"Puede entrar y descargarlos de\u00a0Manuales Completos de Orfeo 5.5\" \/>\n<meta property=\"og:url\" content=\"https:\/\/orfeolibre.org\/inicio\/manual-de-usuario\/\" \/>\n<meta property=\"og:site_name\" content=\"Orfeo SGDEA - Gesti\u00f3n Documental\" \/>\n<meta property=\"article:modified_time\" content=\"2019-11-22T01:06:24+00:00\" \/>\n<meta name=\"twitter:card\" content=\"summary_large_image\" \/>\n<script type=\"application\/ld+json\" class=\"yoast-schema-graph\">{\"@context\":\"https:\\\/\\\/schema.org\",\"@graph\":[{\"@type\":\"WebPage\",\"@id\":\"https:\\\/\\\/orfeolibre.org\\\/inicio\\\/manual-de-usuario\\\/\",\"url\":\"https:\\\/\\\/orfeolibre.org\\\/inicio\\\/manual-de-usuario\\\/\",\"name\":\"Manual de Usuario - Orfeo SGDEA - Gesti\u00f3n Documental\",\"isPartOf\":{\"@id\":\"https:\\\/\\\/orfeolibre.org\\\/inicio\\\/#website\"},\"datePublished\":\"2019-11-12T13:14:57+00:00\",\"dateModified\":\"2019-11-22T01:06:24+00:00\",\"breadcrumb\":{\"@id\":\"https:\\\/\\\/orfeolibre.org\\\/inicio\\\/manual-de-usuario\\\/#breadcrumb\"},\"inLanguage\":\"es\",\"potentialAction\":[{\"@type\":\"ReadAction\",\"target\":[\"https:\\\/\\\/orfeolibre.org\\\/inicio\\\/manual-de-usuario\\\/\"]}]},{\"@type\":\"BreadcrumbList\",\"@id\":\"https:\\\/\\\/orfeolibre.org\\\/inicio\\\/manual-de-usuario\\\/#breadcrumb\",\"itemListElement\":[{\"@type\":\"ListItem\",\"position\":1,\"name\":\"Portada\",\"item\":\"https:\\\/\\\/orfeolibre.org\\\/inicio\\\/\"},{\"@type\":\"ListItem\",\"position\":2,\"name\":\"Manual de Usuario\"}]},{\"@type\":\"WebSite\",\"@id\":\"https:\\\/\\\/orfeolibre.org\\\/inicio\\\/#website\",\"url\":\"https:\\\/\\\/orfeolibre.org\\\/inicio\\\/\",\"name\":\"Orfeo SGDEA - Gesti\u00f3n Documental\",\"description\":\"Sistema de Gesti\u00f3n Documental de Archivo Electr\u00f3nico\",\"potentialAction\":[{\"@type\":\"SearchAction\",\"target\":{\"@type\":\"EntryPoint\",\"urlTemplate\":\"https:\\\/\\\/orfeolibre.org\\\/inicio\\\/?s={search_term_string}\"},\"query-input\":{\"@type\":\"PropertyValueSpecification\",\"valueRequired\":true,\"valueName\":\"search_term_string\"}}],\"inLanguage\":\"es\"}]}<\/script>\n<!-- \/ Yoast SEO plugin. -->","yoast_head_json":{"title":"Manual de Usuario - Orfeo SGDEA - Gesti\u00f3n Documental","robots":{"index":"index","follow":"follow","max-snippet":"max-snippet:-1","max-image-preview":"max-image-preview:large","max-video-preview":"max-video-preview:-1"},"canonical":"https:\/\/orfeolibre.org\/inicio\/manual-de-usuario\/","og_locale":"es_ES","og_type":"article","og_title":"Manual de Usuario - Orfeo SGDEA - Gesti\u00f3n Documental","og_description":"Puede entrar y descargarlos de\u00a0Manuales Completos de Orfeo 5.5","og_url":"https:\/\/orfeolibre.org\/inicio\/manual-de-usuario\/","og_site_name":"Orfeo SGDEA - Gesti\u00f3n Documental","article_modified_time":"2019-11-22T01:06:24+00:00","twitter_card":"summary_large_image","schema":{"@context":"https:\/\/schema.org","@graph":[{"@type":"WebPage","@id":"https:\/\/orfeolibre.org\/inicio\/manual-de-usuario\/","url":"https:\/\/orfeolibre.org\/inicio\/manual-de-usuario\/","name":"Manual de Usuario - Orfeo SGDEA - Gesti\u00f3n Documental","isPartOf":{"@id":"https:\/\/orfeolibre.org\/inicio\/#website"},"datePublished":"2019-11-12T13:14:57+00:00","dateModified":"2019-11-22T01:06:24+00:00","breadcrumb":{"@id":"https:\/\/orfeolibre.org\/inicio\/manual-de-usuario\/#breadcrumb"},"inLanguage":"es","potentialAction":[{"@type":"ReadAction","target":["https:\/\/orfeolibre.org\/inicio\/manual-de-usuario\/"]}]},{"@type":"BreadcrumbList","@id":"https:\/\/orfeolibre.org\/inicio\/manual-de-usuario\/#breadcrumb","itemListElement":[{"@type":"ListItem","position":1,"name":"Portada","item":"https:\/\/orfeolibre.org\/inicio\/"},{"@type":"ListItem","position":2,"name":"Manual de Usuario"}]},{"@type":"WebSite","@id":"https:\/\/orfeolibre.org\/inicio\/#website","url":"https:\/\/orfeolibre.org\/inicio\/","name":"Orfeo SGDEA - Gesti\u00f3n Documental","description":"Sistema de Gesti\u00f3n Documental de Archivo Electr\u00f3nico","potentialAction":[{"@type":"SearchAction","target":{"@type":"EntryPoint","urlTemplate":"https:\/\/orfeolibre.org\/inicio\/?s={search_term_string}"},"query-input":{"@type":"PropertyValueSpecification","valueRequired":true,"valueName":"search_term_string"}}],"inLanguage":"es"}]}},"_links":{"self":[{"href":"https:\/\/orfeolibre.org\/inicio\/wp-json\/wp\/v2\/pages\/597","targetHints":{"allow":["GET"]}}],"collection":[{"href":"https:\/\/orfeolibre.org\/inicio\/wp-json\/wp\/v2\/pages"}],"about":[{"href":"https:\/\/orfeolibre.org\/inicio\/wp-json\/wp\/v2\/types\/page"}],"author":[{"embeddable":true,"href":"https:\/\/orfeolibre.org\/inicio\/wp-json\/wp\/v2\/users\/4"}],"replies":[{"embeddable":true,"href":"https:\/\/orfeolibre.org\/inicio\/wp-json\/wp\/v2\/comments?post=597"}],"version-history":[{"count":4,"href":"https:\/\/orfeolibre.org\/inicio\/wp-json\/wp\/v2\/pages\/597\/revisions"}],"predecessor-version":[{"id":1605,"href":"https:\/\/orfeolibre.org\/inicio\/wp-json\/wp\/v2\/pages\/597\/revisions\/1605"}],"wp:attachment":[{"href":"https:\/\/orfeolibre.org\/inicio\/wp-json\/wp\/v2\/media?parent=597"}],"curies":[{"name":"wp","href":"https:\/\/api.w.org\/{rel}","templated":true}]}}